{"id":1104,"date":"2020-07-01T08:00:18","date_gmt":"2020-07-01T08:00:18","guid":{"rendered":"https:\/\/frankfurt-rental.com\/?page_id=1104"},"modified":"2020-07-01T08:00:19","modified_gmt":"2020-07-01T08:00:19","slug":"service","status":"publish","type":"page","link":"https:\/\/frankfurt-rental.com\/index.php\/service\/","title":{"rendered":"Service"},"content":{"rendered":"\n<h2 class=\"wp-block-heading\">Service<\/h2>\n\n\n\n<p>Durch unsere weitreichende Erfahrung an verschiedenen Einsatzorten, nicht nur in Frankfurt am Main oder im Rhein-Main Gebiet, sondern auch Deutschlandweit, profitieren Sie zu jeder Zeit mit kompetentem Service und einer professionellen Beratung.<\/p>\n\n\n\n<p>Gerne beraten wir Sie ab der Planungsphase Ihrer Veranstaltung, erstellen Ihnen kostenfreie und unverbindliche Angebote und bieten Ihnen auf Anfrage auch gerne folgende zus\u00e4tzliche Dienstleistungen an:<\/p>\n\n\n\n<p><\/p>\n\n\n\n<h2 class=\"wp-block-heading\">Abholung \/ R\u00fcckgabe ab \/ bis Lager<\/h2>\n\n\n\n<p>Aufbau &amp; Abbau erfolgt durch den Mieter. <br>Eine Einweisung zu dem Mietmaterial erhalten Sie von uns bei Abholung.<br>Aufbauanleitungen und Betriebsanleitungen k\u00f6nnen jederzeit auf unserer Homepage herunter geladen werden.<\/p>\n\n\n\n<p><\/p>\n\n\n\n<h2 class=\"wp-block-heading\">Lieferung \/ Abholung zum \/ ab Einsatzort<\/h2>\n\n\n\n<p>Aufbau &amp; Abbau erfolgt durch den Mieter.<br>Eine Einweisung zu dem Mietmaterial erhalten Sie von uns bei \u00dcbergabe.<br>Aufbauanleitungen und Betriebsanleitungen k\u00f6nnen jederzeit auf unserer Homepage herunter geladen werden.<\/p>\n\n\n\n<p><\/p>\n\n\n\n<h2 class=\"wp-block-heading\">Aufbau \/ Abbau des Mietmaterials<\/h2>\n\n\n\n<p>Aufbau &amp; Abbau erfolgt von uns.<br>Eine Einweisung zu dem Mietmaterial erhalten Sie von uns bei \u00dcbergabe.<br><\/p>\n\n\n\n<h2 class=\"wp-block-heading\">Full Service<\/h2>\n\n\n\n<p>Die entspannteste Variante f\u00fcr Sie.<br>Wir kl\u00e4ren vorab alle Details zu Ihrer Veranstaltung und k\u00fcmmern uns um die Lieferung,  den Aufbau, die Proben, die Betreuung, den Abbau und auch um den Abtransport.<\/p>\n\n\n\n<p><\/p>\n\n\n\n<h2 class=\"wp-block-heading\">Andere Optionen<\/h2>\n\n\n\n<p>Gerne bieten wir Ihnen auch einen Mix der verschiedenen oben aufgef\u00fchrten M\u00f6glichkeiten an.<\/p>\n","protected":false},"excerpt":{"rendered":"<p>Service Durch unsere weitreichende Erfahrung an verschiedenen Einsatzorten, nicht nur in Frankfurt am Main oder im Rhein-Main Gebiet, sondern auch Deutschlandweit, profitieren Sie zu jeder Zeit mit kompetentem Service und einer professionellen Beratung. Gerne beraten wir Sie ab der Planungsphase Ihrer Veranstaltung, erstellen Ihnen kostenfreie und unverbindliche Angebote und bieten Ihnen auf Anfrage auch gerne &hellip; <\/p>\n<p class=\"link-more\"><a href=\"https:\/\/frankfurt-rental.com\/index.php\/service\/\" class=\"more-link\"><span class=\"screen-reader-text\">\u201eService\u201c <\/span>weiterlesen<\/a><\/p>\n","protected":false},"author":1,"featured_media":0,"parent":0,"menu_order":0,"comment_status":"closed","ping_status":"closed","template":"","meta":{"ngg_post_thumbnail":0,"footnotes":""},"class_list":["post-1104","page","type-page","status-publish","hentry"],"_links":{"self":[{"href":"https:\/\/frankfurt-rental.com\/index.php\/wp-json\/wp\/v2\/pages\/1104","targetHints":{"allow":["GET"]}}],"collection":[{"href":"https:\/\/frankfurt-rental.com\/index.php\/wp-json\/wp\/v2\/pages"}],"about":[{"href":"https:\/\/frankfurt-rental.com\/index.php\/wp-json\/wp\/v2\/types\/page"}],"author":[{"embeddable":true,"href":"https:\/\/frankfurt-rental.com\/index.php\/wp-json\/wp\/v2\/users\/1"}],"replies":[{"embeddable":true,"href":"https:\/\/frankfurt-rental.com\/index.php\/wp-json\/wp\/v2\/comments?post=1104"}],"version-history":[{"count":1,"href":"https:\/\/frankfurt-rental.com\/index.php\/wp-json\/wp\/v2\/pages\/1104\/revisions"}],"predecessor-version":[{"id":1105,"href":"https:\/\/frankfurt-rental.com\/index.php\/wp-json\/wp\/v2\/pages\/1104\/revisions\/1105"}],"wp:attachment":[{"href":"https:\/\/frankfurt-rental.com\/index.php\/wp-json\/wp\/v2\/media?parent=1104"}],"curies":[{"name":"wp","href":"https:\/\/api.w.org\/{rel}","templated":true}]}}