{"id":149,"date":"2020-04-21T13:50:38","date_gmt":"2020-04-21T13:50:38","guid":{"rendered":"https:\/\/frankfurt-rental.com\/homepage_wp\/?page_id=149"},"modified":"2020-05-02T21:28:44","modified_gmt":"2020-05-02T21:28:44","slug":"e-mail","status":"publish","type":"page","link":"https:\/\/frankfurt-rental.com\/index.php\/e-mail\/","title":{"rendered":"E-Mail"},"content":{"rendered":"\n<h2 class=\"wp-block-heading\">Kontaktieren Sie uns<\/h2>\n\n\n\n<p>Wir freuen uns, wenn wir Ihr Interesse geweckt haben. Alle Ihre Anfragen sind unverbindlich und selbstverst\u00e4ndlich kostenfrei.<\/p>\n\n\n\n<figure class=\"wp-block-image size-large is-resized\"><a href=\"mailto:info@theimerundmager.de?subject=E-Mail%20-%20Anfrage&amp;body=Sehr%20geehrte%20Damen%20und%20Herren,%0D%0A%0D%0Aich%20w\u00fcrde%20gerne%20bei%20Ihnen%20Technik%20f\u00fcr%20das%20folgende%20Veranstaltungsdatum%20anfragen:%0D%0A%0D%0A %0D%0A%0D%0ABitte%20kontaktieren%20Sie%20mich%20unter%20folgender%20Rufnummer%20und%20\/%20oder%20E-Mail%20Adresse%20fuer%20weitere%20Einzelheiten:\"><img loading=\"lazy\" decoding=\"async\" src=\"https:\/\/frankfurt-rental.com\/homepage_wp\/wp-content\/uploads\/2020\/05\/Icon-Email-300-1.png\" alt=\"\" class=\"wp-image-782\" width=\"150\" height=\"150\" srcset=\"https:\/\/frankfurt-rental.com\/homepage_wp\/wp-content\/uploads\/2020\/05\/Icon-Email-300-1.png 300w, https:\/\/frankfurt-rental.com\/homepage_wp\/wp-content\/uploads\/2020\/05\/Icon-Email-300-1-150x150.png 150w, https:\/\/frankfurt-rental.com\/homepage_wp\/wp-content\/uploads\/2020\/05\/Icon-Email-300-1-100x100.png 100w\" sizes=\"auto, (max-width: 150px) 100vw, 150px\" \/><\/a><\/figure>\n\n\n\n<p>Unsere Telefonischen Kontaktdaten und Telefonnummern finden Sie im Men\u00fc unter:<br>Kontakt<br><strong>\u00d6ffnungszeiten<\/strong><\/p>\n","protected":false},"excerpt":{"rendered":"<p>Kontaktieren Sie uns Wir freuen uns, wenn wir Ihr Interesse geweckt haben. Alle Ihre Anfragen sind unverbindlich und selbstverst\u00e4ndlich kostenfrei. Unsere Telefonischen Kontaktdaten und Telefonnummern finden Sie im Men\u00fc unter:Kontakt\u00d6ffnungszeiten<\/p>\n","protected":false},"author":1,"featured_media":0,"parent":0,"menu_order":0,"comment_status":"closed","ping_status":"closed","template":"","meta":{"ngg_post_thumbnail":0,"footnotes":""},"class_list":["post-149","page","type-page","status-publish","hentry"],"_links":{"self":[{"href":"https:\/\/frankfurt-rental.com\/index.php\/wp-json\/wp\/v2\/pages\/149","targetHints":{"allow":["GET"]}}],"collection":[{"href":"https:\/\/frankfurt-rental.com\/index.php\/wp-json\/wp\/v2\/pages"}],"about":[{"href":"https:\/\/frankfurt-rental.com\/index.php\/wp-json\/wp\/v2\/types\/page"}],"author":[{"embeddable":true,"href":"https:\/\/frankfurt-rental.com\/index.php\/wp-json\/wp\/v2\/users\/1"}],"replies":[{"embeddable":true,"href":"https:\/\/frankfurt-rental.com\/index.php\/wp-json\/wp\/v2\/comments?post=149"}],"version-history":[{"count":25,"href":"https:\/\/frankfurt-rental.com\/index.php\/wp-json\/wp\/v2\/pages\/149\/revisions"}],"predecessor-version":[{"id":784,"href":"https:\/\/frankfurt-rental.com\/index.php\/wp-json\/wp\/v2\/pages\/149\/revisions\/784"}],"wp:attachment":[{"href":"https:\/\/frankfurt-rental.com\/index.php\/wp-json\/wp\/v2\/media?parent=149"}],"curies":[{"name":"wp","href":"https:\/\/api.w.org\/{rel}","templated":true}]}}