{"id":1512,"date":"2024-04-23T13:01:00","date_gmt":"2024-04-23T13:01:00","guid":{"rendered":"https:\/\/frankfurt-rental.com\/?page_id=1512"},"modified":"2024-04-24T12:57:38","modified_gmt":"2024-04-24T12:57:38","slug":"abiturienten-studentenrabatt","status":"publish","type":"page","link":"https:\/\/frankfurt-rental.com\/index.php\/abiturienten-studentenrabatt\/","title":{"rendered":"Abiturienten &amp; Studentenrabatt"},"content":{"rendered":"\n<h2 class=\"wp-block-heading\">Studenten aufgepasst! 10% Rabatt auf Mietartikel ab 100\u20ac netto! \ufe0f<\/h2>\n\n\n\n<p>Du bist Abiturient \/ Student und brauchst f\u00fcr dein n\u00e4chstes Projekt oder deine n\u00e4chste Veranstaltung Equipment? Dann aufgepasst: Mit unserem Studentenrabatt sparst du jetzt 10% auf alle Mietartikel ab einem Gesamtpreis der Mietartikel von 100\u20ac netto!<\/p>\n\n\n\n<p>Egal ob Beamer, Tontechnik oder Lichttechnik &#8211; bei uns findest du alles, was du brauchst, um deine Ideen in die Tat umzusetzen.<\/p>\n\n\n\n<p><strong>So einfach geht&#8217;s:<\/strong><\/p>\n\n\n\n<ol class=\"wp-block-list\">\n<li>W\u00e4hle die Mietartikel deiner Wahl im <strong><a href=\"https:\/\/www.frankfurt-rental.com\/shop\/index.php\" target=\"_blank\" rel=\"noreferrer noopener\">Mietshop <\/a><\/strong>aus.<\/li>\n\n\n\n<li>Gib im Notizfeld den Rabattcode &#8222;Abi&#8220; oder &#8222;Studi&#8220; ein.<\/li>\n\n\n\n<li>Freu dich \u00fcber deinen 10% Rabatt Mietnachlass bei der Angebotserstellung von uns.<\/li>\n<\/ol>\n\n\n\n<p><strong>Vorteile unseres Studentenrabatts:<\/strong><\/p>\n\n\n\n<ul class=\"wp-block-list\">\n<li><strong>G\u00fcnstig:<\/strong> Spare bares Geld f\u00fcr deine Projekte und Veranstaltungen.<\/li>\n\n\n\n<li><strong>Flexibel:<\/strong> Miete genau das Equipment, das du brauchst, wann du es brauchst.<\/li>\n\n\n\n<li><strong>Umweltfreundlich:<\/strong> Verleihe statt zu kaufen und schone Ressourcen.<\/li>\n\n\n\n<li><strong>Stressfrei:<\/strong> Kein langes Suchen und Kaufen &#8211; einfach mieten und fertig!<\/li>\n<\/ul>\n\n\n\n<p><strong>Jetzt zugreifen und profitieren!<\/strong><\/p>\n\n\n\n<p>Dieser Rabatt ist exklusiv f\u00fcr Abiturienten und Studenten. Besuche unsere Website oder unseren Mietshop und entdecke unser vielf\u00e4ltiges Angebot an Mietartikeln.<\/p>\n\n\n\n<p><strong>#studentenrabatt #miete #equipment #projekt #veranstaltung #beamer #tontechnik #lichttechnik #boxen #g\u00fcnstig #flexibel #umweltfreundlich #stressfrei<\/strong><\/p>\n","protected":false},"excerpt":{"rendered":"<p>Studenten aufgepasst! 10% Rabatt auf Mietartikel ab 100\u20ac netto! \ufe0f Du bist Abiturient \/ Student und brauchst f\u00fcr dein n\u00e4chstes Projekt oder deine n\u00e4chste Veranstaltung Equipment? Dann aufgepasst: Mit unserem Studentenrabatt sparst du jetzt 10% auf alle Mietartikel ab einem Gesamtpreis der Mietartikel von 100\u20ac netto! Egal ob Beamer, Tontechnik oder Lichttechnik &#8211; bei uns &hellip; <\/p>\n<p class=\"link-more\"><a href=\"https:\/\/frankfurt-rental.com\/index.php\/abiturienten-studentenrabatt\/\" class=\"more-link\"><span class=\"screen-reader-text\">\u201eAbiturienten &amp; Studentenrabatt\u201c <\/span>weiterlesen<\/a><\/p>\n","protected":false},"author":1,"featured_media":0,"parent":0,"menu_order":0,"comment_status":"closed","ping_status":"closed","template":"","meta":{"ngg_post_thumbnail":0,"footnotes":""},"class_list":["post-1512","page","type-page","status-publish","hentry"],"_links":{"self":[{"href":"https:\/\/frankfurt-rental.com\/index.php\/wp-json\/wp\/v2\/pages\/1512","targetHints":{"allow":["GET"]}}],"collection":[{"href":"https:\/\/frankfurt-rental.com\/index.php\/wp-json\/wp\/v2\/pages"}],"about":[{"href":"https:\/\/frankfurt-rental.com\/index.php\/wp-json\/wp\/v2\/types\/page"}],"author":[{"embeddable":true,"href":"https:\/\/frankfurt-rental.com\/index.php\/wp-json\/wp\/v2\/users\/1"}],"replies":[{"embeddable":true,"href":"https:\/\/frankfurt-rental.com\/index.php\/wp-json\/wp\/v2\/comments?post=1512"}],"version-history":[{"count":5,"href":"https:\/\/frankfurt-rental.com\/index.php\/wp-json\/wp\/v2\/pages\/1512\/revisions"}],"predecessor-version":[{"id":1525,"href":"https:\/\/frankfurt-rental.com\/index.php\/wp-json\/wp\/v2\/pages\/1512\/revisions\/1525"}],"wp:attachment":[{"href":"https:\/\/frankfurt-rental.com\/index.php\/wp-json\/wp\/v2\/media?parent=1512"}],"curies":[{"name":"wp","href":"https:\/\/api.w.org\/{rel}","templated":true}]}}