{"id":1540,"date":"2024-05-13T18:33:31","date_gmt":"2024-05-13T18:33:31","guid":{"rendered":"https:\/\/frankfurt-rental.com\/?page_id=1540"},"modified":"2024-05-13T18:33:31","modified_gmt":"2024-05-13T18:33:31","slug":"logistikversand-go-general-overnight","status":"publish","type":"page","link":"https:\/\/frankfurt-rental.com\/index.php\/logistikversand-go-general-overnight\/","title":{"rendered":"Logistikversand &#8211; GO! (General Overnight)"},"content":{"rendered":"\n<p><\/p>\n\n\n\n<h2 class=\"wp-block-heading\">Theimer und Mager Veranstaltungstechnik: Mieten Sie jetzt einfach und flexibel!<\/h2>\n\n\n\n<p>Mit Theimer und Mager Veranstaltungstechnik k\u00f6nnen Sie jetzt ganz einfach und flexibel Mietmaterial f\u00fcr Ihre n\u00e4chste Veranstaltung buchen.<\/p>\n\n\n\n<p><strong>So funktioniert&#8217;s:<\/strong><\/p>\n\n\n\n<ol class=\"wp-block-list\">\n<li>W\u00e4hlen Sie aus unserem umfangreichen Sortiment an Veranstaltungstechnik das passende Equipment f\u00fcr Ihre Veranstaltung aus.<\/li>\n\n\n\n<li>Buchen Sie den Versand des Mietmaterials mit <a href=\"https:\/\/www.general-overnight.com\/deu_de\/online-services\/versandanfrage.html\" data-type=\"link\" data-id=\"https:\/\/www.general-overnight.com\/deu_de\/online-services\/versandanfrage.html\" target=\"_blank\" rel=\"noreferrer noopener\"><strong>General Overnight<\/strong><\/a>. <\/li>\n\n\n\n<li>Das Material wird p\u00fcnktlich und zuverl\u00e4ssig zu Ihrem Veranstaltungsort geliefert.<\/li>\n\n\n\n<li>Nach Ihrer Veranstaltung lassen Sie das Material einfach wieder von General Overnight abholen.<\/li>\n<\/ol>\n\n\n\n<p><strong>Vorteile:<\/strong><\/p>\n\n\n\n<ul class=\"wp-block-list\">\n<li><strong>Flexibel:<\/strong> Sie k\u00f6nnen das Material genau dann mieten, wenn Sie es brauchen.<\/li>\n\n\n\n<li><strong>Komfortabel:<\/strong> Sie m\u00fcssen sich nicht um den Transport k\u00fcmmern.<\/li>\n\n\n\n<li><strong>Zuverl\u00e4ssig:<\/strong> General Overnight ist ein erfahrener Partner f\u00fcr den Versand von Veranstaltungstechnik.<\/li>\n\n\n\n<li><strong>Preiswert:<\/strong> Wir bieten Ihnen attraktive Mietpreise.<\/li>\n<\/ul>\n\n\n\n<p><strong>Buchen Sie jetzt Ihr Mietmaterial bei Theimer und Mager Veranstaltungstechnik!<\/strong><\/p>\n\n\n\n<p><strong>Kontakt:<\/strong><\/p>\n\n\n\n<p><a href=\"https:\/\/www.general-overnight.com\/deu_de\/online-services\/versandanfrage.html\" target=\"_blank\" rel=\"noreferrer noopener\">Go (General Overnight) Logistikversand<\/a><\/p>\n\n\n\n<p><strong>Mit Theimer und Mager Veranstaltungstechnik und General Overnight wird Ihre n\u00e4chste Veranstaltung ein voller Erfolg!<\/strong><\/p>\n\n\n\n<p><\/p>\n","protected":false},"excerpt":{"rendered":"<p>Theimer und Mager Veranstaltungstechnik: Mieten Sie jetzt einfach und flexibel! Mit Theimer und Mager Veranstaltungstechnik k\u00f6nnen Sie jetzt ganz einfach und flexibel Mietmaterial f\u00fcr Ihre n\u00e4chste Veranstaltung buchen. So funktioniert&#8217;s: Vorteile: Buchen Sie jetzt Ihr Mietmaterial bei Theimer und Mager Veranstaltungstechnik! Kontakt: Go (General Overnight) Logistikversand Mit Theimer und Mager Veranstaltungstechnik und General Overnight wird &hellip; <\/p>\n<p class=\"link-more\"><a href=\"https:\/\/frankfurt-rental.com\/index.php\/logistikversand-go-general-overnight\/\" class=\"more-link\"><span class=\"screen-reader-text\">\u201eLogistikversand &#8211; GO! (General Overnight)\u201c <\/span>weiterlesen<\/a><\/p>\n","protected":false},"author":1,"featured_media":0,"parent":0,"menu_order":0,"comment_status":"closed","ping_status":"closed","template":"","meta":{"ngg_post_thumbnail":0,"footnotes":""},"class_list":["post-1540","page","type-page","status-publish","hentry"],"_links":{"self":[{"href":"https:\/\/frankfurt-rental.com\/index.php\/wp-json\/wp\/v2\/pages\/1540","targetHints":{"allow":["GET"]}}],"collection":[{"href":"https:\/\/frankfurt-rental.com\/index.php\/wp-json\/wp\/v2\/pages"}],"about":[{"href":"https:\/\/frankfurt-rental.com\/index.php\/wp-json\/wp\/v2\/types\/page"}],"author":[{"embeddable":true,"href":"https:\/\/frankfurt-rental.com\/index.php\/wp-json\/wp\/v2\/users\/1"}],"replies":[{"embeddable":true,"href":"https:\/\/frankfurt-rental.com\/index.php\/wp-json\/wp\/v2\/comments?post=1540"}],"version-history":[{"count":1,"href":"https:\/\/frankfurt-rental.com\/index.php\/wp-json\/wp\/v2\/pages\/1540\/revisions"}],"predecessor-version":[{"id":1541,"href":"https:\/\/frankfurt-rental.com\/index.php\/wp-json\/wp\/v2\/pages\/1540\/revisions\/1541"}],"wp:attachment":[{"href":"https:\/\/frankfurt-rental.com\/index.php\/wp-json\/wp\/v2\/media?parent=1540"}],"curies":[{"name":"wp","href":"https:\/\/api.w.org\/{rel}","templated":true}]}}