{"id":1550,"date":"2024-05-27T17:42:22","date_gmt":"2024-05-27T17:42:22","guid":{"rendered":"https:\/\/frankfurt-rental.com\/?page_id=1550"},"modified":"2024-06-06T18:14:29","modified_gmt":"2024-06-06T18:14:29","slug":"lautsprecher-boxen-verleih-in-frankfurt","status":"publish","type":"page","link":"https:\/\/frankfurt-rental.com\/index.php\/lautsprecher-boxen-verleih-in-frankfurt\/","title":{"rendered":"Lautsprecher mieten in Frankfurt"},"content":{"rendered":"\n<p><\/p>\n\n\n\n<div class=\"wp-block-cover\"><span aria-hidden=\"true\" class=\"wp-block-cover__background has-background-dim\"><\/span><img loading=\"lazy\" decoding=\"async\" width=\"612\" height=\"1024\" class=\"wp-block-cover__image-background wp-image-1555\" alt=\"Lautsprecher Vermietung Frankfurt Theimer und Mager Veranstaltungstechnik\" src=\"https:\/\/frankfurt-rental.com\/homepage_wp\/wp-content\/uploads\/2024\/05\/Lautsprecher-Vermietung-Frankfurt-612x1024.jpg\" data-object-fit=\"cover\" srcset=\"https:\/\/frankfurt-rental.com\/homepage_wp\/wp-content\/uploads\/2024\/05\/Lautsprecher-Vermietung-Frankfurt-612x1024.jpg 612w, https:\/\/frankfurt-rental.com\/homepage_wp\/wp-content\/uploads\/2024\/05\/Lautsprecher-Vermietung-Frankfurt-179x300.jpg 179w, https:\/\/frankfurt-rental.com\/homepage_wp\/wp-content\/uploads\/2024\/05\/Lautsprecher-Vermietung-Frankfurt-768x1284.jpg 768w, https:\/\/frankfurt-rental.com\/homepage_wp\/wp-content\/uploads\/2024\/05\/Lautsprecher-Vermietung-Frankfurt-919x1536.jpg 919w, https:\/\/frankfurt-rental.com\/homepage_wp\/wp-content\/uploads\/2024\/05\/Lautsprecher-Vermietung-Frankfurt.jpg 957w\" sizes=\"auto, (max-width: 612px) 100vw, 612px\" \/><div class=\"wp-block-cover__inner-container is-layout-flow wp-block-cover-is-layout-flow\">\n<p class=\"has-text-align-center has-large-font-size\">Lautsprecher (Boxen) f\u00fcr Partys, Events und Hochzeiten in Frankfurt mieten &#8211; unkompliziert und schnell<\/p>\n<\/div><\/div>\n\n\n\n<h2 class=\"wp-block-heading\"><\/h2>\n\n\n\n<p>Suchen Sie nach hochwertigen Lautsprechern f\u00fcr Ihre Party, Ihr Event oder Ihre Hochzeit in Frankfurt? Dann sind Sie bei uns genau richtig! Wir bieten Ihnen eine gro\u00dfe Auswahl an Lautsprechern in bester Qualit\u00e4t, die Sie ganz einfach ab Lager mieten k\u00f6nnen.<\/p>\n\n\n\n<p><strong>Unser Angebot:<\/strong><\/p>\n\n\n\n<ul class=\"wp-block-list\">\n<li>Breites Sortiment an Lautsprechern f\u00fcr jeden Anlass: von kompakten mobilen Boxen bis hin zu leistungsstarken Anlagen f\u00fcr gro\u00dfe Events<\/li>\n\n\n\n<li>Hochwertige Markenprodukte von namhaften Herstellern<\/li>\n\n\n\n<li>Flexible Mietdauer: Mieten Sie die Lautsprecher f\u00fcr einen Tag, ein Wochenende oder l\u00e4nger<\/li>\n\n\n\n<li>G\u00fcnstige Preise und faire Konditionen<\/li>\n\n\n\n<li>Unkomplizierte Buchung in unserem Mietshop<\/li>\n\n\n\n<li>Abholung ab Lager in Frankfurt<\/li>\n<\/ul>\n\n\n\n<p><strong>Mieten Sie jetzt Ihre Lautsprecher in Frankfurt und sorgen Sie f\u00fcr unvergesslichen Sound auf Ihrer Veranstaltung!<\/strong><\/p>\n\n\n\n<p><strong>Die Vorteile unserer Onlineshop-Buchung:<\/strong><\/p>\n\n\n\n<ul class=\"wp-block-list\">\n<li>Schnelle und bequeme Suche nach den passenden Lautsprechern<\/li>\n\n\n\n<li>24-Stunden-Verf\u00fcgbarkeit<\/li>\n\n\n\n<li>Transparente Preisgestaltung<\/li>\n<\/ul>\n\n\n\n<p><strong>Haben Sie Fragen oder ben\u00f6tigen Sie Hilfe bei der Auswahl der richtigen Lautsprecher?<\/strong><\/p>\n\n\n\n<p>Z\u00f6gern Sie nicht, uns zu kontaktieren! Unser freundliches und kompetentes Team steht Ihnen gerne zur Verf\u00fcgung.<br><br><strong>Buchen im Mietshop:<\/strong><\/p>\n\n\n\n<figure class=\"wp-block-image alignnone\"><a href=\"https:\/\/www.frankfurt-rental.com\/shop\/index.php?id=Mietartikel_Anzeige&amp;style=Tabelle&amp;ugid=2&amp;language=de\" target=\"_blank\" rel=\"noreferrer noopener\"><img loading=\"lazy\" decoding=\"async\" width=\"200\" height=\"100\" src=\"https:\/\/frankfurt-rental.com\/homepage_wp\/wp-content\/uploads\/2020\/04\/MS_Logo_DE.jpg\" alt=\"Mietshop Logo\" class=\"wp-image-99\"\/><\/a><\/figure>\n\n\n\n<p><\/p>\n\n\n\n<p><strong>Mit unseren Lautsprechern machen Sie Ihre Veranstaltung zu einem akustischen Highlight<\/strong>&#8230;<\/p>\n\n\n\n<p><\/p>\n","protected":false},"excerpt":{"rendered":"<p>Suchen Sie nach hochwertigen Lautsprechern f\u00fcr Ihre Party, Ihr Event oder Ihre Hochzeit in Frankfurt? Dann sind Sie bei uns genau richtig! Wir bieten Ihnen eine gro\u00dfe Auswahl an Lautsprechern in bester Qualit\u00e4t, die Sie ganz einfach ab Lager mieten k\u00f6nnen. Unser Angebot: Mieten Sie jetzt Ihre Lautsprecher in Frankfurt und sorgen Sie f\u00fcr unvergesslichen &hellip; <\/p>\n<p class=\"link-more\"><a href=\"https:\/\/frankfurt-rental.com\/index.php\/lautsprecher-boxen-verleih-in-frankfurt\/\" class=\"more-link\"><span class=\"screen-reader-text\">\u201eLautsprecher mieten in Frankfurt\u201c <\/span>weiterlesen<\/a><\/p>\n","protected":false},"author":1,"featured_media":0,"parent":0,"menu_order":0,"comment_status":"closed","ping_status":"closed","template":"","meta":{"ngg_post_thumbnail":0,"footnotes":""},"class_list":["post-1550","page","type-page","status-publish","hentry"],"_links":{"self":[{"href":"https:\/\/frankfurt-rental.com\/index.php\/wp-json\/wp\/v2\/pages\/1550","targetHints":{"allow":["GET"]}}],"collection":[{"href":"https:\/\/frankfurt-rental.com\/index.php\/wp-json\/wp\/v2\/pages"}],"about":[{"href":"https:\/\/frankfurt-rental.com\/index.php\/wp-json\/wp\/v2\/types\/page"}],"author":[{"embeddable":true,"href":"https:\/\/frankfurt-rental.com\/index.php\/wp-json\/wp\/v2\/users\/1"}],"replies":[{"embeddable":true,"href":"https:\/\/frankfurt-rental.com\/index.php\/wp-json\/wp\/v2\/comments?post=1550"}],"version-history":[{"count":5,"href":"https:\/\/frankfurt-rental.com\/index.php\/wp-json\/wp\/v2\/pages\/1550\/revisions"}],"predecessor-version":[{"id":1615,"href":"https:\/\/frankfurt-rental.com\/index.php\/wp-json\/wp\/v2\/pages\/1550\/revisions\/1615"}],"wp:attachment":[{"href":"https:\/\/frankfurt-rental.com\/index.php\/wp-json\/wp\/v2\/media?parent=1550"}],"curies":[{"name":"wp","href":"https:\/\/api.w.org\/{rel}","templated":true}]}}