{"id":1566,"date":"2024-05-30T08:28:22","date_gmt":"2024-05-30T08:28:22","guid":{"rendered":"https:\/\/frankfurt-rental.com\/?page_id=1566"},"modified":"2024-06-06T18:15:05","modified_gmt":"2024-06-06T18:15:05","slug":"lichttechnik-vermietung-in-frankfurt","status":"publish","type":"page","link":"https:\/\/frankfurt-rental.com\/index.php\/lichttechnik-vermietung-in-frankfurt\/","title":{"rendered":"Lichttechnik mieten in Frankfurt"},"content":{"rendered":"\n<p>Lichttechnik f\u00fcr unvergessliche Events in Frankfurt: Partybeleuchtung und Akkuscheinwerfer zum Mieten<\/p>\n\n\n\n<div class=\"wp-block-cover\"><span aria-hidden=\"true\" class=\"wp-block-cover__background has-background-dim\"><\/span><img loading=\"lazy\" decoding=\"async\" width=\"1024\" height=\"512\" class=\"wp-block-cover__image-background wp-image-1569\" alt=\"Ape Lights Lichttechnik Akku Lampen mieten bei Theimer und Mager Veranstaltungstechnik\" src=\"https:\/\/frankfurt-rental.com\/homepage_wp\/wp-content\/uploads\/2024\/05\/Ape-Lights-Lichttechnik-Akku-Lampen-mieten-bei-Theimer-und-Mager-Veranstaltungstechnik-3-1024x512.jpg\" data-object-fit=\"cover\" srcset=\"https:\/\/frankfurt-rental.com\/homepage_wp\/wp-content\/uploads\/2024\/05\/Ape-Lights-Lichttechnik-Akku-Lampen-mieten-bei-Theimer-und-Mager-Veranstaltungstechnik-3-1024x512.jpg 1024w, https:\/\/frankfurt-rental.com\/homepage_wp\/wp-content\/uploads\/2024\/05\/Ape-Lights-Lichttechnik-Akku-Lampen-mieten-bei-Theimer-und-Mager-Veranstaltungstechnik-3-300x150.jpg 300w, https:\/\/frankfurt-rental.com\/homepage_wp\/wp-content\/uploads\/2024\/05\/Ape-Lights-Lichttechnik-Akku-Lampen-mieten-bei-Theimer-und-Mager-Veranstaltungstechnik-3-768x384.jpg 768w, https:\/\/frankfurt-rental.com\/homepage_wp\/wp-content\/uploads\/2024\/05\/Ape-Lights-Lichttechnik-Akku-Lampen-mieten-bei-Theimer-und-Mager-Veranstaltungstechnik-3-1536x768.jpg 1536w, https:\/\/frankfurt-rental.com\/homepage_wp\/wp-content\/uploads\/2024\/05\/Ape-Lights-Lichttechnik-Akku-Lampen-mieten-bei-Theimer-und-Mager-Veranstaltungstechnik-3.jpg 1920w\" sizes=\"auto, (max-width: 767px) 89vw, (max-width: 1000px) 54vw, (max-width: 1071px) 543px, 580px\" \/><div class=\"wp-block-cover__inner-container is-layout-flow wp-block-cover-is-layout-flow\">\n<p class=\"has-text-align-center has-large-font-size\">Verwandeln Sie Ihre n\u00e4chste Veranstaltung in ein einzigartiges Erlebnis<\/p>\n<\/div><\/div>\n\n\n\n<p>Ob private Party, Firmenfeier oder gro\u00dfes Festival \u2013 bei uns finden Sie die passende Beleuchtung f\u00fcr jeden Anlass. Wir bieten Ihnen ein breites Sortiment an Partylichtern und Akkuscheinwerfern, die Sie ganz einfach ab Lager in Frankfurt mieten k\u00f6nnen.<\/p>\n\n\n\n<div class=\"wp-block-cover\"><span aria-hidden=\"true\" class=\"wp-block-cover__background has-background-dim\"><\/span><img loading=\"lazy\" decoding=\"async\" width=\"1024\" height=\"512\" class=\"wp-block-cover__image-background wp-image-1567\" alt=\"\" src=\"https:\/\/frankfurt-rental.com\/homepage_wp\/wp-content\/uploads\/2024\/05\/Ape-Lights-Lichttechnik-Akku-Lampen-mieten-bei-Theimer-und-Mager-Veranstaltungstechnik-1-1024x512.jpg\" data-object-fit=\"cover\" srcset=\"https:\/\/frankfurt-rental.com\/homepage_wp\/wp-content\/uploads\/2024\/05\/Ape-Lights-Lichttechnik-Akku-Lampen-mieten-bei-Theimer-und-Mager-Veranstaltungstechnik-1-1024x512.jpg 1024w, https:\/\/frankfurt-rental.com\/homepage_wp\/wp-content\/uploads\/2024\/05\/Ape-Lights-Lichttechnik-Akku-Lampen-mieten-bei-Theimer-und-Mager-Veranstaltungstechnik-1-300x150.jpg 300w, https:\/\/frankfurt-rental.com\/homepage_wp\/wp-content\/uploads\/2024\/05\/Ape-Lights-Lichttechnik-Akku-Lampen-mieten-bei-Theimer-und-Mager-Veranstaltungstechnik-1-768x384.jpg 768w, https:\/\/frankfurt-rental.com\/homepage_wp\/wp-content\/uploads\/2024\/05\/Ape-Lights-Lichttechnik-Akku-Lampen-mieten-bei-Theimer-und-Mager-Veranstaltungstechnik-1-1536x768.jpg 1536w, https:\/\/frankfurt-rental.com\/homepage_wp\/wp-content\/uploads\/2024\/05\/Ape-Lights-Lichttechnik-Akku-Lampen-mieten-bei-Theimer-und-Mager-Veranstaltungstechnik-1.jpg 1920w\" sizes=\"auto, (max-width: 767px) 89vw, (max-width: 1000px) 54vw, (max-width: 1071px) 543px, 580px\" \/><div class=\"wp-block-cover__inner-container is-layout-flow wp-block-cover-is-layout-flow\">\n<p class=\"has-text-align-center has-large-font-size\">Vielf\u00e4ltige Auswahl an Lichttechnik<\/p>\n<\/div><\/div>\n\n\n\n<p><strong>Unsere Vorteile:<\/strong><\/p>\n\n\n\n<ul class=\"wp-block-list\">\n<li><strong>Gro\u00dfe Auswahl:<\/strong> Entdecken Sie unser umfangreiches Angebot an Lichttechnik namhafter Hersteller.<\/li>\n\n\n\n<li><strong>Flexibel und individuell:<\/strong> Mieten Sie die Ger\u00e4te, die Sie ben\u00f6tigen, je nach Gr\u00f6\u00dfe und Art Ihrer Veranstaltung.<\/li>\n\n\n\n<li><strong>Einfacher Transport:<\/strong> Unsere Akkuscheinwerfer sind besonders handlich und leicht, sodass Sie diese m\u00fchelos transportieren k\u00f6nnen.<\/li>\n\n\n\n<li><strong>Professionelle Beratung:<\/strong> Unser erfahrenes Team ber\u00e4t Sie gerne bei der Auswahl der richtigen Lichttechnik f\u00fcr Ihr Event.<\/li>\n<\/ul>\n\n\n\n<p><\/p>\n\n\n\n<div class=\"wp-block-cover\"><span aria-hidden=\"true\" class=\"wp-block-cover__background has-background-dim\"><\/span><img loading=\"lazy\" decoding=\"async\" width=\"1024\" height=\"576\" class=\"wp-block-cover__image-background wp-image-1570\" alt=\"\" src=\"https:\/\/frankfurt-rental.com\/homepage_wp\/wp-content\/uploads\/2024\/05\/Partylicht-mieten-in-Frankfurt-Theimer-und-Mager-Veranstaltungstechnik-1024x576.jpg\" data-object-fit=\"cover\" srcset=\"https:\/\/frankfurt-rental.com\/homepage_wp\/wp-content\/uploads\/2024\/05\/Partylicht-mieten-in-Frankfurt-Theimer-und-Mager-Veranstaltungstechnik-1024x576.jpg 1024w, https:\/\/frankfurt-rental.com\/homepage_wp\/wp-content\/uploads\/2024\/05\/Partylicht-mieten-in-Frankfurt-Theimer-und-Mager-Veranstaltungstechnik-300x169.jpg 300w, https:\/\/frankfurt-rental.com\/homepage_wp\/wp-content\/uploads\/2024\/05\/Partylicht-mieten-in-Frankfurt-Theimer-und-Mager-Veranstaltungstechnik-768x432.jpg 768w, https:\/\/frankfurt-rental.com\/homepage_wp\/wp-content\/uploads\/2024\/05\/Partylicht-mieten-in-Frankfurt-Theimer-und-Mager-Veranstaltungstechnik.jpg 1480w\" sizes=\"auto, (max-width: 767px) 89vw, (max-width: 1000px) 54vw, (max-width: 1071px) 543px, 580px\" \/><div class=\"wp-block-cover__inner-container is-layout-flow wp-block-cover-is-layout-flow\">\n<p class=\"has-text-align-center has-large-font-size\"><strong>Partylicht in 5 Minuten Einsatzbereit<\/strong><\/p>\n<\/div><\/div>\n\n\n\n<ul class=\"wp-block-list\">\n<li><strong>Partybeleuchtung:<\/strong> Effektbeleuchtung, Showlaser, Moving Lights, LED-Scheinwerfer, uvm.<\/li>\n\n\n\n<li><strong>Akkuscheinwerfer:<\/strong> Hochleistungs-Scheinwerfer f\u00fcr innen und au\u00dfen, ideal f\u00fcr mobile Eins\u00e4tze.<\/li>\n\n\n\n<li><strong>Zubeh\u00f6r:<\/strong> Lichtstative, Kabel, Netzteile, DMX-Controller, uvm.<\/li>\n<\/ul>\n\n\n\n<p><strong>Mit unserer Lichttechnik setzen Sie Ihre Feierlichkeiten gekonnt in Szene und sorgen f\u00fcr eine unvergessliche Atmosph\u00e4re!<\/strong><\/p>\n\n\n\n<div class=\"wp-block-cover\"><span aria-hidden=\"true\" class=\"wp-block-cover__background has-background-dim\"><\/span><img loading=\"lazy\" decoding=\"async\" width=\"1024\" height=\"1024\" class=\"wp-block-cover__image-background wp-image-1568\" alt=\"\" src=\"https:\/\/frankfurt-rental.com\/homepage_wp\/wp-content\/uploads\/2024\/05\/Ape-Lights-Lichttechnik-Akku-Lampen-mieten-bei-Theimer-und-Mager-Veranstaltungstechnik-2-1024x1024.jpg\" data-object-fit=\"cover\" srcset=\"https:\/\/frankfurt-rental.com\/homepage_wp\/wp-content\/uploads\/2024\/05\/Ape-Lights-Lichttechnik-Akku-Lampen-mieten-bei-Theimer-und-Mager-Veranstaltungstechnik-2-1024x1024.jpg 1024w, https:\/\/frankfurt-rental.com\/homepage_wp\/wp-content\/uploads\/2024\/05\/Ape-Lights-Lichttechnik-Akku-Lampen-mieten-bei-Theimer-und-Mager-Veranstaltungstechnik-2-300x300.jpg 300w, https:\/\/frankfurt-rental.com\/homepage_wp\/wp-content\/uploads\/2024\/05\/Ape-Lights-Lichttechnik-Akku-Lampen-mieten-bei-Theimer-und-Mager-Veranstaltungstechnik-2-150x150.jpg 150w, https:\/\/frankfurt-rental.com\/homepage_wp\/wp-content\/uploads\/2024\/05\/Ape-Lights-Lichttechnik-Akku-Lampen-mieten-bei-Theimer-und-Mager-Veranstaltungstechnik-2-768x768.jpg 768w, https:\/\/frankfurt-rental.com\/homepage_wp\/wp-content\/uploads\/2024\/05\/Ape-Lights-Lichttechnik-Akku-Lampen-mieten-bei-Theimer-und-Mager-Veranstaltungstechnik-2-100x100.jpg 100w, https:\/\/frankfurt-rental.com\/homepage_wp\/wp-content\/uploads\/2024\/05\/Ape-Lights-Lichttechnik-Akku-Lampen-mieten-bei-Theimer-und-Mager-Veranstaltungstechnik-2.jpg 1400w\" sizes=\"auto, (max-width: 767px) 89vw, (max-width: 1000px) 54vw, (max-width: 1071px) 543px, 580px\" \/><div class=\"wp-block-cover__inner-container is-layout-flow wp-block-cover-is-layout-flow\">\n<p class=\"has-text-align-center has-large-font-size\"><strong>Kontaktieren Sie uns noch heute und lassen Sie sich von unserem Angebot \u00fcberzeugen!<\/strong><\/p>\n<\/div><\/div>\n\n\n\n<p><\/p>\n","protected":false},"excerpt":{"rendered":"<p>Lichttechnik f\u00fcr unvergessliche Events in Frankfurt: Partybeleuchtung und Akkuscheinwerfer zum Mieten Ob private Party, Firmenfeier oder gro\u00dfes Festival \u2013 bei uns finden Sie die passende Beleuchtung f\u00fcr jeden Anlass. Wir bieten Ihnen ein breites Sortiment an Partylichtern und Akkuscheinwerfern, die Sie ganz einfach ab Lager in Frankfurt mieten k\u00f6nnen. Unsere Vorteile: Mit unserer Lichttechnik setzen &hellip; <\/p>\n<p class=\"link-more\"><a href=\"https:\/\/frankfurt-rental.com\/index.php\/lichttechnik-vermietung-in-frankfurt\/\" class=\"more-link\"><span class=\"screen-reader-text\">\u201eLichttechnik mieten in Frankfurt\u201c <\/span>weiterlesen<\/a><\/p>\n","protected":false},"author":1,"featured_media":0,"parent":0,"menu_order":0,"comment_status":"closed","ping_status":"closed","template":"","meta":{"ngg_post_thumbnail":0,"footnotes":""},"class_list":["post-1566","page","type-page","status-publish","hentry"],"_links":{"self":[{"href":"https:\/\/frankfurt-rental.com\/index.php\/wp-json\/wp\/v2\/pages\/1566","targetHints":{"allow":["GET"]}}],"collection":[{"href":"https:\/\/frankfurt-rental.com\/index.php\/wp-json\/wp\/v2\/pages"}],"about":[{"href":"https:\/\/frankfurt-rental.com\/index.php\/wp-json\/wp\/v2\/types\/page"}],"author":[{"embeddable":true,"href":"https:\/\/frankfurt-rental.com\/index.php\/wp-json\/wp\/v2\/users\/1"}],"replies":[{"embeddable":true,"href":"https:\/\/frankfurt-rental.com\/index.php\/wp-json\/wp\/v2\/comments?post=1566"}],"version-history":[{"count":3,"href":"https:\/\/frankfurt-rental.com\/index.php\/wp-json\/wp\/v2\/pages\/1566\/revisions"}],"predecessor-version":[{"id":1616,"href":"https:\/\/frankfurt-rental.com\/index.php\/wp-json\/wp\/v2\/pages\/1566\/revisions\/1616"}],"wp:attachment":[{"href":"https:\/\/frankfurt-rental.com\/index.php\/wp-json\/wp\/v2\/media?parent=1566"}],"curies":[{"name":"wp","href":"https:\/\/api.w.org\/{rel}","templated":true}]}}