{"id":1598,"date":"2024-06-03T16:31:15","date_gmt":"2024-06-03T16:31:15","guid":{"rendered":"https:\/\/frankfurt-rental.com\/?page_id=1598"},"modified":"2024-06-06T18:15:53","modified_gmt":"2024-06-06T18:15:53","slug":"beamer-und-leinwand-vermietung-in-frankfurt","status":"publish","type":"page","link":"https:\/\/frankfurt-rental.com\/index.php\/beamer-und-leinwand-vermietung-in-frankfurt\/","title":{"rendered":"Beamer und Leinwand mieten in Frankfurt"},"content":{"rendered":"\n<h2 class=\"wp-block-heading\">Beamer und Leinwand mieten in Frankfurt &#8211; Einfach &amp; Schnell!<\/h2>\n\n\n\n<p><strong>Suchen Sie die perfekte Ausstattung f\u00fcr Ihre Pr\u00e4sentation, Ihr Event, die EM oder WM  oder Ihr privates Kinoerlebnis?<\/strong><\/p>\n\n\n\n<p>Dann sind Sie bei uns genau richtig! Bei <strong>Theimer und Mager Veranstaltungstechnik<\/strong> bieten wir Ihnen Beamer und Leinw\u00e4nde in bester Qualit\u00e4t zu g\u00fcnstigen Preisen.<\/p>\n\n\n\n<div class=\"wp-block-cover\"><span aria-hidden=\"true\" class=\"wp-block-cover__background has-background-dim\"><\/span><img loading=\"lazy\" decoding=\"async\" width=\"1024\" height=\"576\" class=\"wp-block-cover__image-background wp-image-1603\" alt=\"Beamer und Leinwand mieten Frankfurt\" src=\"https:\/\/frankfurt-rental.com\/homepage_wp\/wp-content\/uploads\/2024\/06\/IMG_9268-1024x576.jpg\" data-object-fit=\"cover\" srcset=\"https:\/\/frankfurt-rental.com\/homepage_wp\/wp-content\/uploads\/2024\/06\/IMG_9268-1024x576.jpg 1024w, https:\/\/frankfurt-rental.com\/homepage_wp\/wp-content\/uploads\/2024\/06\/IMG_9268-300x169.jpg 300w, https:\/\/frankfurt-rental.com\/homepage_wp\/wp-content\/uploads\/2024\/06\/IMG_9268-768x432.jpg 768w, https:\/\/frankfurt-rental.com\/homepage_wp\/wp-content\/uploads\/2024\/06\/IMG_9268-1536x864.jpg 1536w, https:\/\/frankfurt-rental.com\/homepage_wp\/wp-content\/uploads\/2024\/06\/IMG_9268-2048x1152.jpg 2048w\" sizes=\"auto, (max-width: 767px) 89vw, (max-width: 1000px) 54vw, (max-width: 1071px) 543px, 580px\" \/><div class=\"wp-block-cover__inner-container is-layout-flow wp-block-cover-is-layout-flow\">\n<p class=\"has-text-align-center has-large-font-size\">Unsere Vorteile:<\/p>\n<\/div><\/div>\n\n\n\n<p><strong>Gro\u00dfe Auswahl:<\/strong> Wir haben eine gro\u00dfe Auswahl an Beamern und Leinw\u00e4nden f\u00fcr jeden Bedarf und jedes Budget. <\/p>\n\n\n\n<p><strong>Top-Qualit\u00e4t:<\/strong> Wir bieten nur hochwertige Ger\u00e4te von namhaften Herstellern an. <\/p>\n\n\n\n<p><strong>Einfache Abholung und R\u00fcckgabe:<\/strong> Sie k\u00f6nnen die Ger\u00e4te bequem in unserem Lager in Frankfurt abholen und zur\u00fcckgeben. <\/p>\n\n\n\n<p><strong>Kompetente Beratung:<\/strong> Unser geschultes Personal ber\u00e4t Sie gerne bei der Auswahl der richtigen Technik.<\/p>\n\n\n\n<div class=\"wp-block-cover\"><span aria-hidden=\"true\" class=\"wp-block-cover__background has-background-dim\"><\/span><img loading=\"lazy\" decoding=\"async\" width=\"1024\" height=\"768\" class=\"wp-block-cover__image-background wp-image-1602\" alt=\"Beamer und Leinwand mieten Frankfurt\" src=\"https:\/\/frankfurt-rental.com\/homepage_wp\/wp-content\/uploads\/2024\/06\/IMG_3824-1024x768.jpg\" data-object-fit=\"cover\" srcset=\"https:\/\/frankfurt-rental.com\/homepage_wp\/wp-content\/uploads\/2024\/06\/IMG_3824-1024x768.jpg 1024w, https:\/\/frankfurt-rental.com\/homepage_wp\/wp-content\/uploads\/2024\/06\/IMG_3824-300x225.jpg 300w, https:\/\/frankfurt-rental.com\/homepage_wp\/wp-content\/uploads\/2024\/06\/IMG_3824-768x576.jpg 768w, https:\/\/frankfurt-rental.com\/homepage_wp\/wp-content\/uploads\/2024\/06\/IMG_3824-1536x1152.jpg 1536w, https:\/\/frankfurt-rental.com\/homepage_wp\/wp-content\/uploads\/2024\/06\/IMG_3824-2048x1536.jpg 2048w\" sizes=\"auto, (max-width: 767px) 89vw, (max-width: 1000px) 54vw, (max-width: 1071px) 543px, 580px\" \/><div class=\"wp-block-cover__inner-container is-layout-flow wp-block-cover-is-layout-flow\">\n<p class=\"has-text-align-center has-large-font-size\">Buchen Sie jetzt Ihren Beamer und Ihre Leinwand online<\/p>\n<\/div><\/div>\n\n\n\n<p><strong>So einfach geht&#8217;s:<\/strong><\/p>\n\n\n\n<ol class=\"wp-block-list\">\n<li>W\u00e4hlen Sie den gew\u00fcnschten <a href=\"https:\/\/www.frankfurt-rental.com\/shop\/index.php?id=Mietartikel_Anzeige&amp;style=Tabelle&amp;ugid=62&amp;language=de\" target=\"_blank\" rel=\"noreferrer noopener\">Beamer <\/a>und die passende <a href=\"https:\/\/www.frankfurt-rental.com\/shop\/index.php?id=Mietartikel_Anzeige&amp;style=Tabelle&amp;ugid=63&amp;language=de\" target=\"_blank\" rel=\"noreferrer noopener\">Leinwand <\/a>in unserem Mietshop aus.<\/li>\n\n\n\n<li>Legen Sie die Ger\u00e4te in den Warenkorb und w\u00e4hlen Sie einen Abholtermin.<\/li>\n\n\n\n<li>Bezahlen Sie bequem vor Ort.<\/li>\n\n\n\n<li>Holen Sie die Ger\u00e4te in unserem Lager ab.<\/li>\n\n\n\n<li>Genie\u00dfen Sie Ihre Pr\u00e4sentation oder Ihr Kinoerlebnis!<\/li>\n\n\n\n<li>Geben Sie die Ger\u00e4te am Ende der Mietzeit wieder in unserem Lager zur\u00fcck.<\/li>\n<\/ol>\n\n\n\n<div class=\"wp-block-cover\"><span aria-hidden=\"true\" class=\"wp-block-cover__background has-background-dim\"><\/span><img loading=\"lazy\" decoding=\"async\" width=\"1024\" height=\"576\" class=\"wp-block-cover__image-background wp-image-1601\" alt=\"Beamer und Leinwand mieten Frankfurt\" src=\"https:\/\/frankfurt-rental.com\/homepage_wp\/wp-content\/uploads\/2024\/06\/b45c5400-8029-4776-a3fb-f7ccb5fab32d-1-1024x576.jpg\" data-object-fit=\"cover\" srcset=\"https:\/\/frankfurt-rental.com\/homepage_wp\/wp-content\/uploads\/2024\/06\/b45c5400-8029-4776-a3fb-f7ccb5fab32d-1-1024x576.jpg 1024w, https:\/\/frankfurt-rental.com\/homepage_wp\/wp-content\/uploads\/2024\/06\/b45c5400-8029-4776-a3fb-f7ccb5fab32d-1-300x169.jpg 300w, https:\/\/frankfurt-rental.com\/homepage_wp\/wp-content\/uploads\/2024\/06\/b45c5400-8029-4776-a3fb-f7ccb5fab32d-1-768x432.jpg 768w, https:\/\/frankfurt-rental.com\/homepage_wp\/wp-content\/uploads\/2024\/06\/b45c5400-8029-4776-a3fb-f7ccb5fab32d-1-1536x864.jpg 1536w, https:\/\/frankfurt-rental.com\/homepage_wp\/wp-content\/uploads\/2024\/06\/b45c5400-8029-4776-a3fb-f7ccb5fab32d-1.jpg 1600w\" sizes=\"auto, (max-width: 767px) 89vw, (max-width: 1000px) 54vw, (max-width: 1071px) 543px, 580px\" \/><div class=\"wp-block-cover__inner-container is-layout-flow wp-block-cover-is-layout-flow\">\n<p class=\"has-text-align-center has-large-font-size\">Haben Sie Fragen?<\/p>\n<\/div><\/div>\n\n\n\n<p>Dann schreiben Sie uns am Besten eine E-Mail. Wir helfen Ihnen gerne weiter!<\/p>\n","protected":false},"excerpt":{"rendered":"<p>Beamer und Leinwand mieten in Frankfurt &#8211; Einfach &amp; Schnell! Suchen Sie die perfekte Ausstattung f\u00fcr Ihre Pr\u00e4sentation, Ihr Event, die EM oder WM oder Ihr privates Kinoerlebnis? Dann sind Sie bei uns genau richtig! Bei Theimer und Mager Veranstaltungstechnik bieten wir Ihnen Beamer und Leinw\u00e4nde in bester Qualit\u00e4t zu g\u00fcnstigen Preisen. Gro\u00dfe Auswahl: Wir &hellip; <\/p>\n<p class=\"link-more\"><a href=\"https:\/\/frankfurt-rental.com\/index.php\/beamer-und-leinwand-vermietung-in-frankfurt\/\" class=\"more-link\"><span class=\"screen-reader-text\">\u201eBeamer und Leinwand mieten in Frankfurt\u201c <\/span>weiterlesen<\/a><\/p>\n","protected":false},"author":1,"featured_media":0,"parent":0,"menu_order":0,"comment_status":"closed","ping_status":"closed","template":"","meta":{"ngg_post_thumbnail":0,"footnotes":""},"class_list":["post-1598","page","type-page","status-publish","hentry"],"_links":{"self":[{"href":"https:\/\/frankfurt-rental.com\/index.php\/wp-json\/wp\/v2\/pages\/1598","targetHints":{"allow":["GET"]}}],"collection":[{"href":"https:\/\/frankfurt-rental.com\/index.php\/wp-json\/wp\/v2\/pages"}],"about":[{"href":"https:\/\/frankfurt-rental.com\/index.php\/wp-json\/wp\/v2\/types\/page"}],"author":[{"embeddable":true,"href":"https:\/\/frankfurt-rental.com\/index.php\/wp-json\/wp\/v2\/users\/1"}],"replies":[{"embeddable":true,"href":"https:\/\/frankfurt-rental.com\/index.php\/wp-json\/wp\/v2\/comments?post=1598"}],"version-history":[{"count":3,"href":"https:\/\/frankfurt-rental.com\/index.php\/wp-json\/wp\/v2\/pages\/1598\/revisions"}],"predecessor-version":[{"id":1617,"href":"https:\/\/frankfurt-rental.com\/index.php\/wp-json\/wp\/v2\/pages\/1598\/revisions\/1617"}],"wp:attachment":[{"href":"https:\/\/frankfurt-rental.com\/index.php\/wp-json\/wp\/v2\/media?parent=1598"}],"curies":[{"name":"wp","href":"https:\/\/api.w.org\/{rel}","templated":true}]}}