{"id":162,"date":"2020-04-21T14:11:52","date_gmt":"2020-04-21T14:11:52","guid":{"rendered":"https:\/\/frankfurt-rental.com\/homepage_wp\/?page_id=162"},"modified":"2021-04-18T13:51:42","modified_gmt":"2021-04-18T13:51:42","slug":"anfahrt","status":"publish","type":"page","link":"https:\/\/frankfurt-rental.com\/index.php\/anfahrt\/","title":{"rendered":"Anfahrt"},"content":{"rendered":"\n<p>So finden Sie uns:<\/p>\n\n\n\n<p>Von Aschaffenburg, Langen, Bad Vilbel, Rodgau, Hanau, Maintal, M\u00fchlheim, Dietzenbach, Dreieich, Heusenstamm, Obertshausen, Hainburg, M\u00f6rfelden-Walldorf, R\u00f6dermark und Offenbach \u00fcber die A3<br>von Mainz, Wallau, Fl\u00f6rsheim, Wiesbaden \u00fcber die A3 oder A66<br>von Kelsterbach, Kriftel, Hattersheim \u00fcber die B40a<br>von Niederdorfelden, Bruchk\u00f6bel, Karben, Sch\u00f6neck \u00fcber die (A66), A661 und A3<br>von Eschborn, Sulzbach, Bad Soden, Schwalbach, Liederbach, Hofheim, Kelkheim, K\u00f6nigstein, Kronberg \u00fcber die A66<br>von Darmstadt, Erzhausen, W\u00f6llstadt, Friedberg, Heidelberg, Steinbach, Neu-Isenburg, Egelsbach, Friedrichsdorf, Bad Homburg, Oberursel und Mannheim \u00fcber die A5.<\/p>\n\n\n\n<p><br><strong>Folgende Karte zeigt, wie Sie uns erreichen k\u00f6nnen:<\/strong><\/p>\n\n\n\n<p>Unsere Adresse f\u00fcr Navigationssysteme (am Besten verwenden Sie Google Maps!):<br><br>Libellenweg 81, 60529 Frankfurt am Main<\/p>\n\n\n\n<iframe loading=\"lazy\" src=\"https:\/\/www.google.com\/maps\/embed?pb=!1m23!1m12!1m3!1d40964.88510103797!2d8.587415935248712!3d50.080570247056!2m3!1f0!2f0!3f0!3m2!1i1024!2i768!4f13.1!4m8!3e6!4m0!4m5!1s0x47bd0bb33d992653%3A0x1c189ec85f1afe26!2sTheimer+und+Mager+Veranstaltungstechnik%2C+Thomas+Theimer+und+Patrick+Mager+GbR%2C+Libellenweg+81%2C+60529+Frankfurt+am+Main!3m2!1d50.090986199999996!2d8.5717236!5e0!3m2!1sde!2sde!4v1513064742112\" style=\"border:0\" allowfullscreen=\"\" width=\"600\" height=\"450\" frameborder=\"0\"><\/iframe>\n","protected":false},"excerpt":{"rendered":"<p>So finden Sie uns: Von Aschaffenburg, Langen, Bad Vilbel, Rodgau, Hanau, Maintal, M\u00fchlheim, Dietzenbach, Dreieich, Heusenstamm, Obertshausen, Hainburg, M\u00f6rfelden-Walldorf, R\u00f6dermark und Offenbach \u00fcber die A3von Mainz, Wallau, Fl\u00f6rsheim, Wiesbaden \u00fcber die A3 oder A66von Kelsterbach, Kriftel, Hattersheim \u00fcber die B40avon Niederdorfelden, Bruchk\u00f6bel, Karben, Sch\u00f6neck \u00fcber die (A66), A661 und A3von Eschborn, Sulzbach, Bad Soden, Schwalbach, &hellip; <\/p>\n<p class=\"link-more\"><a href=\"https:\/\/frankfurt-rental.com\/index.php\/anfahrt\/\" class=\"more-link\"><span class=\"screen-reader-text\">\u201eAnfahrt\u201c <\/span>weiterlesen<\/a><\/p>\n","protected":false},"author":1,"featured_media":0,"parent":0,"menu_order":0,"comment_status":"closed","ping_status":"closed","template":"","meta":{"ngg_post_thumbnail":0,"footnotes":""},"class_list":["post-162","page","type-page","status-publish","hentry"],"_links":{"self":[{"href":"https:\/\/frankfurt-rental.com\/index.php\/wp-json\/wp\/v2\/pages\/162","targetHints":{"allow":["GET"]}}],"collection":[{"href":"https:\/\/frankfurt-rental.com\/index.php\/wp-json\/wp\/v2\/pages"}],"about":[{"href":"https:\/\/frankfurt-rental.com\/index.php\/wp-json\/wp\/v2\/types\/page"}],"author":[{"embeddable":true,"href":"https:\/\/frankfurt-rental.com\/index.php\/wp-json\/wp\/v2\/users\/1"}],"replies":[{"embeddable":true,"href":"https:\/\/frankfurt-rental.com\/index.php\/wp-json\/wp\/v2\/comments?post=162"}],"version-history":[{"count":4,"href":"https:\/\/frankfurt-rental.com\/index.php\/wp-json\/wp\/v2\/pages\/162\/revisions"}],"predecessor-version":[{"id":1194,"href":"https:\/\/frankfurt-rental.com\/index.php\/wp-json\/wp\/v2\/pages\/162\/revisions\/1194"}],"wp:attachment":[{"href":"https:\/\/frankfurt-rental.com\/index.php\/wp-json\/wp\/v2\/media?parent=162"}],"curies":[{"name":"wp","href":"https:\/\/api.w.org\/{rel}","templated":true}]}}