{"id":165,"date":"2020-04-21T14:16:40","date_gmt":"2020-04-21T14:16:40","guid":{"rendered":"https:\/\/frankfurt-rental.com\/homepage_wp\/?page_id=165"},"modified":"2020-07-15T18:55:24","modified_gmt":"2020-07-15T18:55:24","slug":"agb","status":"publish","type":"page","link":"https:\/\/frankfurt-rental.com\/index.php\/agb\/","title":{"rendered":"AGB"},"content":{"rendered":"\n<p>Hier k\u00f6nnen Sie jederzeit unsere g\u00fcltigen AGB einsehen:<\/p>\n\n\n\n<a href=\"https:\/\/www.frankfurt-rental.com\/pdf\/verleihkatalogeundagbs\/AGBs.pdf\" target=\"_blank\" rel=\"noopener noreferrer\">AGB anzeigen<\/a>\n\n\n\n<p><\/p>\n\n\n\n<p>Hinweis:<br>Sollten Sie nicht im Besitz eines Acrobat Readers sein, k\u00f6nnen Sie sich diesen <a href=\"http:\/\/www.adobe.de\/products\/acrobat\/readstep2.html\">hier<\/a> kostenlos downloaden.<\/p>\n\n\n\n<p><\/p>\n","protected":false},"excerpt":{"rendered":"<p>Hier k\u00f6nnen Sie jederzeit unsere g\u00fcltigen AGB einsehen: AGB anzeigen Hinweis:Sollten Sie nicht im Besitz eines Acrobat Readers sein, k\u00f6nnen Sie sich diesen hier kostenlos downloaden.<\/p>\n","protected":false},"author":1,"featured_media":0,"parent":0,"menu_order":0,"comment_status":"closed","ping_status":"closed","template":"","meta":{"ngg_post_thumbnail":0,"footnotes":""},"class_list":["post-165","page","type-page","status-publish","hentry"],"_links":{"self":[{"href":"https:\/\/frankfurt-rental.com\/index.php\/wp-json\/wp\/v2\/pages\/165","targetHints":{"allow":["GET"]}}],"collection":[{"href":"https:\/\/frankfurt-rental.com\/index.php\/wp-json\/wp\/v2\/pages"}],"about":[{"href":"https:\/\/frankfurt-rental.com\/index.php\/wp-json\/wp\/v2\/types\/page"}],"author":[{"embeddable":true,"href":"https:\/\/frankfurt-rental.com\/index.php\/wp-json\/wp\/v2\/users\/1"}],"replies":[{"embeddable":true,"href":"https:\/\/frankfurt-rental.com\/index.php\/wp-json\/wp\/v2\/comments?post=165"}],"version-history":[{"count":5,"href":"https:\/\/frankfurt-rental.com\/index.php\/wp-json\/wp\/v2\/pages\/165\/revisions"}],"predecessor-version":[{"id":1123,"href":"https:\/\/frankfurt-rental.com\/index.php\/wp-json\/wp\/v2\/pages\/165\/revisions\/1123"}],"wp:attachment":[{"href":"https:\/\/frankfurt-rental.com\/index.php\/wp-json\/wp\/v2\/media?parent=165"}],"curies":[{"name":"wp","href":"https:\/\/api.w.org\/{rel}","templated":true}]}}