{"id":170,"date":"2020-04-21T14:22:19","date_gmt":"2020-04-21T14:22:19","guid":{"rendered":"https:\/\/frankfurt-rental.com\/homepage_wp\/?page_id=170"},"modified":"2024-07-27T00:03:18","modified_gmt":"2024-07-27T00:03:18","slug":"impressum","status":"publish","type":"page","link":"https:\/\/frankfurt-rental.com\/index.php\/impressum\/","title":{"rendered":"Impressum"},"content":{"rendered":"\n<p>Theimer und Mager Veranstaltungstechnik<br>Thomas Theimer und Patrick Mager GbR<br><br>Libellenweg 81<br>60529 Frankfurt am Main<br><br>Telefon: +49 (0)69\/66 16 35 16<br>Telefax: +49 (0)69\/66 16 35 17<br>Mobil Hr. Theimer: +49 (0)160\/66 84 199<br>Mobil Hr. Mager: +49 (0)170\/31 34 882<\/p>\n\n\n\nE-Mail: <a href=\"mailto:info@theimerundmager.de\">info@theimerundmager.de<\/a>\n\n\n\n<p>Internet: <a href=\"http:\/\/www.theimerundmager.de\" target=\"_blank\" rel=\"noreferrer noopener\">www.theimerundmager.de<\/a><br>Vertretungsberechtigte Gesellschafter: Thomas Theimer und Patrick Mager<br><br>Steuernr.: 014 374 30660<br>USt.-Id: DE814563438<br><br><br><br>Verantwortlich f\u00fcr den Inhalt dieser Seite sind:<br>Patrick Mager<br>Thomas Theimer<br><br>Rechtliche Hinweise zur Webseite<br>Alle Texte, Bilder und weiter hier ver\u00f6ffentlichten Informationen unterliegen dem Urheberrecht des Anbieters, soweit nicht Urheberrechte Dritter bestehen. In jedem Fall ist eine Vervielf\u00e4ltigung, Verbreitung oder \u00f6ffentliche Wiedergabe ausschlie\u00dflich im Falle einer widerruflichen und nicht \u00fcbertragbaren Zustimmung des Anbieters gestattet.<br>Linksetzungen, welche auf die Inhalte der vorliegenden Website verweisen, bed\u00fcrfen der Zustimmung des Anbieters. Eine solche Zustimmung ist bei jeder grundlegenden Ver\u00e4nderung des Inhaltes der Webseite, von welcher die Verlinkung erfolgt, neu zu beantragen, sie kann jederzeit formlos widerrufen werden. Eine Verlinkung von Seiten mit illegalen, anst\u00f6\u00dfigen, irref\u00fchrenden oder diffamierenden Inhalten ist in jedem Fall ausgeschlossen.<br>Die Inhalte der Webseite werden mit gr\u00f6\u00dfter Sorgfalt erstellt. Dennoch kann keine Garantie f\u00fcr Aktualit\u00e4t und Vollst\u00e4ndigkeit \u00fcbernommen werden.<br>F\u00fcr alle mittels Querverweis (Link) verbundene Webinhalte \u00fcbernimmt der Anbieter keine Verantwortung, da es sich dabei um keine eigenen Inhalte handelt. Externe Links wurden auf rechtswidrige Inhalte \u00fcberpr\u00fcft, zum Zeitpunkt der Verlinkung waren solche nicht erkennbar. Bez\u00fcglich fremder Inhalte besteht jedoch keine allgemeine \u00dcberwachungs- und Pr\u00fcfungspflicht.<br>Aufgef\u00fchrte Warenzeichen und Markennamen sind Eigentum ihrer jeweiligen Inhaber.<br>Die Homepage wurde erstellt unter Verwendung der Quellen: Google, SelfHTML, JavaScript, PHP , VisualLightBox<\/p>\n","protected":false},"excerpt":{"rendered":"<p>Theimer und Mager VeranstaltungstechnikThomas Theimer und Patrick Mager GbR Libellenweg 8160529 Frankfurt am Main Telefon: +49 (0)69\/66 16 35 16Telefax: +49 (0)69\/66 16 35 17Mobil Hr. Theimer: +49 (0)160\/66 84 199Mobil Hr. Mager: +49 (0)170\/31 34 882 E-Mail: info@theimerundmager.de Internet: www.theimerundmager.deVertretungsberechtigte Gesellschafter: Thomas Theimer und Patrick Mager Steuernr.: 014 374 30660USt.-Id: DE814563438 Verantwortlich f\u00fcr den &hellip; <\/p>\n<p class=\"link-more\"><a href=\"https:\/\/frankfurt-rental.com\/index.php\/impressum\/\" class=\"more-link\"><span class=\"screen-reader-text\">\u201eImpressum\u201c <\/span>weiterlesen<\/a><\/p>\n","protected":false},"author":1,"featured_media":0,"parent":0,"menu_order":0,"comment_status":"closed","ping_status":"closed","template":"","meta":{"ngg_post_thumbnail":0,"footnotes":""},"class_list":["post-170","page","type-page","status-publish","hentry"],"_links":{"self":[{"href":"https:\/\/frankfurt-rental.com\/index.php\/wp-json\/wp\/v2\/pages\/170","targetHints":{"allow":["GET"]}}],"collection":[{"href":"https:\/\/frankfurt-rental.com\/index.php\/wp-json\/wp\/v2\/pages"}],"about":[{"href":"https:\/\/frankfurt-rental.com\/index.php\/wp-json\/wp\/v2\/types\/page"}],"author":[{"embeddable":true,"href":"https:\/\/frankfurt-rental.com\/index.php\/wp-json\/wp\/v2\/users\/1"}],"replies":[{"embeddable":true,"href":"https:\/\/frankfurt-rental.com\/index.php\/wp-json\/wp\/v2\/comments?post=170"}],"version-history":[{"count":9,"href":"https:\/\/frankfurt-rental.com\/index.php\/wp-json\/wp\/v2\/pages\/170\/revisions"}],"predecessor-version":[{"id":1621,"href":"https:\/\/frankfurt-rental.com\/index.php\/wp-json\/wp\/v2\/pages\/170\/revisions\/1621"}],"wp:attachment":[{"href":"https:\/\/frankfurt-rental.com\/index.php\/wp-json\/wp\/v2\/media?parent=170"}],"curies":[{"name":"wp","href":"https:\/\/api.w.org\/{rel}","templated":true}]}}