{"id":186,"date":"2020-04-21T14:54:30","date_gmt":"2020-04-21T14:54:30","guid":{"rendered":"https:\/\/frankfurt-rental.com\/homepage_wp\/?page_id=186"},"modified":"2024-04-23T12:56:57","modified_gmt":"2024-04-23T12:56:57","slug":"hk-audio","status":"publish","type":"page","link":"https:\/\/frankfurt-rental.com\/index.php\/hk-audio\/","title":{"rendered":"HK Audio"},"content":{"rendered":"\n<p>Als HK Audio Partner bieten wir gerne umfassende Beratung &amp; Kaufempfehlungen und Reparatur zu HK Audio Produkten an. <\/p>\n\n\n\n<figure class=\"wp-block-image size-large\"><a href=\"https:\/\/hkaudio.com\/de\/\"><img loading=\"lazy\" decoding=\"async\" width=\"60\" height=\"61\" src=\"https:\/\/frankfurt-rental.com\/homepage_wp\/wp-content\/uploads\/2020\/05\/HK_Audio.png\" alt=\"HK Audio\" class=\"wp-image-713\"\/><\/a><\/figure>\n\n\n<p>&nbsp;<\/p>\n<main class=\"chat-app ng-tns-c1862484428-0\">\n<div class=\"content-wrapper\">\n<div class=\"main-content ng-trigger ng-trigger-routeChangeAnimation ng-star-inserted\">\n<div class=\"content-container ng-tns-c1862484428-0\">\n<div class=\"chat-container ng-tns-c1110020636-1 ng-star-inserted\">\n<div id=\"chat-history\" class=\"chat-history-scroll-container ng-tns-c1110020636-1\">\n<div class=\"conversation-container ng-tns-c1110020636-1 ng-star-inserted\">\n<div>\n<div class=\"response-container ng-tns-c335718056-198 ng-star-inserted response-container-has-multiple-responses\">\n<div class=\"presented-response-container ng-tns-c335718056-198\">\n<div class=\"avatar-gutter ng-tns-c335718056-198 ng-star-inserted\">\n<div class=\"resize-observable\">&nbsp;<\/div>\n<\/div>\n<div class=\"response-container-content ng-tns-c335718056-198\">\n<div class=\"response-content ng-tns-c335718056-198 ng-animate-disabled\">\n<div class=\"markdown markdown-main-panel\" dir=\"ltr\" style=\"--animation-duration: 600ms; --fade-animation-function: linear;\">\n<h2 data-sourcepos=\"1:1-1:39\">HK Audio: Das Beste f\u00fcr deinen Sound<\/h2>\n<p data-sourcepos=\"3:1-3:237\"><strong>HK Audio<\/strong> ist seit \u00fcber 30 Jahren ein f\u00fchrender Hersteller von professionellen Audiosystemen. Ob du Musiker, DJ, Veranstaltungstechniker oder einfach nur ein Musikliebhaber bist, HK Audio hat die perfekte L\u00f6sung f\u00fcr deine Bed\u00fcrfnisse.<\/p>\n<p data-sourcepos=\"5:1-5:20\"><strong>Produkte:<\/strong><\/p>\n<ul data-sourcepos=\"7:1-11:0\">\n<li data-sourcepos=\"7:1-7:194\"><strong>Lautsprecher:<\/strong> HK Audio bietet eine breite Palette von Lautsprechern f\u00fcr jede Anwendung, von kompakten PA-Systemen f\u00fcr kleine Clubs bis hin zu gro\u00dfen Line-Arrays f\u00fcr Festivals und Konzerte.<\/li>\n<li data-sourcepos=\"8:1-8:93\"><strong>Verst\u00e4rker:<\/strong> Unsere Verst\u00e4rker sind leistungsstark, zuverl\u00e4ssig und einfach zu bedienen.<\/li>\n<li data-sourcepos=\"9:1-9:81\"><strong>Subwoofer:<\/strong> HK Audio Subwoofer liefern den ultimativen Bass f\u00fcr deine Musik.<\/li>\n<li data-sourcepos=\"10:1-11:0\"><strong>Zubeh\u00f6r:<\/strong> Wir bieten auch eine gro\u00dfe Auswahl an Zubeh\u00f6r, wie z. B. Stative, Kabel und Mikrofone.<\/li>\n<\/ul>\n<p data-sourcepos=\"12:1-12:19\"><strong>Warum HK Audio?<\/strong><\/p>\n<ul data-sourcepos=\"14:1-18:0\">\n<li data-sourcepos=\"14:1-14:117\"><strong>Qualit\u00e4t:<\/strong> HK Audio Produkte sind aus hochwertigen Materialien gefertigt und bieten eine hervorragende Leistung.<\/li>\n<li data-sourcepos=\"15:1-15:112\"><strong>Zuverl\u00e4ssigkeit:<\/strong> HK Audio Produkte sind auf Langlebigkeit ausgelegt und werden dich nicht im Stich lassen.<\/li>\n<li data-sourcepos=\"16:1-16:109\"><strong>Innovation:<\/strong> HK Audio entwickelt st\u00e4ndig neue Produkte und Technologien, um den besten Sound zu liefern.<\/li>\n<li data-sourcepos=\"17:1-18:0\"><strong>Service:<\/strong> HK Audio bietet einen hervorragenden Kundenservice und Support.<\/li>\n<\/ul>\n<p data-sourcepos=\"19:1-19:122\">&nbsp;<\/p>\n<p data-sourcepos=\"21:1-21:46\"><strong>Hier einige Beispiele f\u00fcr HK Audio Produkte:<\/strong><\/p>\n<ul data-sourcepos=\"23:1-26:0\">\n<li data-sourcepos=\"23:1-23:165\"><strong>LINEAR 5:<\/strong> Die LINEAR 5 Serie ist die neueste Generation von PA-Systemen von HK Audio. Sie bietet eine hervorragende Klangqualit\u00e4t, Leistung und Vielseitigkeit.<\/li>\n<li data-sourcepos=\"24:1-24:123\"><strong>Elements:<\/strong> Die Elements Serie ist ideal f\u00fcr mobile Anwendungen. Sie ist kompakt, leicht und einfach zu transportieren.<\/li>\n<li data-sourcepos=\"25:1-26:0\"><strong>CONTOUR:<\/strong> Die CONTOR Serie ist perfekt f\u00fcr Festinstallationen. Sie bietet eine elegante Optik und eine hervorragende Klangqualit\u00e4t.<\/li>\n<\/ul>\n<\/div>\n<\/div>\n<\/div>\n<\/div>\n<\/div>\n<\/div>\n<\/div>\n<\/div>\n<\/div>\n<\/div>\n<\/div>\n<\/div>\n<\/main>","protected":false},"excerpt":{"rendered":"<p>Als HK Audio Partner bieten wir gerne umfassende Beratung &amp; Kaufempfehlungen und Reparatur zu HK Audio Produkten an. &nbsp; &nbsp; HK Audio: Das Beste f\u00fcr deinen Sound HK Audio ist seit \u00fcber 30 Jahren ein f\u00fchrender Hersteller von professionellen Audiosystemen. Ob du Musiker, DJ, Veranstaltungstechniker oder einfach nur ein Musikliebhaber bist, HK Audio hat die &hellip; <\/p>\n<p class=\"link-more\"><a href=\"https:\/\/frankfurt-rental.com\/index.php\/hk-audio\/\" class=\"more-link\"><span class=\"screen-reader-text\">\u201eHK Audio\u201c <\/span>weiterlesen<\/a><\/p>\n","protected":false},"author":1,"featured_media":0,"parent":0,"menu_order":0,"comment_status":"closed","ping_status":"closed","template":"","meta":{"ngg_post_thumbnail":0,"footnotes":""},"class_list":["post-186","page","type-page","status-publish","hentry"],"_links":{"self":[{"href":"https:\/\/frankfurt-rental.com\/index.php\/wp-json\/wp\/v2\/pages\/186","targetHints":{"allow":["GET"]}}],"collection":[{"href":"https:\/\/frankfurt-rental.com\/index.php\/wp-json\/wp\/v2\/pages"}],"about":[{"href":"https:\/\/frankfurt-rental.com\/index.php\/wp-json\/wp\/v2\/types\/page"}],"author":[{"embeddable":true,"href":"https:\/\/frankfurt-rental.com\/index.php\/wp-json\/wp\/v2\/users\/1"}],"replies":[{"embeddable":true,"href":"https:\/\/frankfurt-rental.com\/index.php\/wp-json\/wp\/v2\/comments?post=186"}],"version-history":[{"count":8,"href":"https:\/\/frankfurt-rental.com\/index.php\/wp-json\/wp\/v2\/pages\/186\/revisions"}],"predecessor-version":[{"id":1510,"href":"https:\/\/frankfurt-rental.com\/index.php\/wp-json\/wp\/v2\/pages\/186\/revisions\/1510"}],"wp:attachment":[{"href":"https:\/\/frankfurt-rental.com\/index.php\/wp-json\/wp\/v2\/media?parent=186"}],"curies":[{"name":"wp","href":"https:\/\/api.w.org\/{rel}","templated":true}]}}