{"id":189,"date":"2020-04-21T14:57:47","date_gmt":"2020-04-21T14:57:47","guid":{"rendered":"https:\/\/frankfurt-rental.com\/homepage_wp\/?page_id=189"},"modified":"2024-03-31T09:14:54","modified_gmt":"2024-03-31T09:14:54","slug":"rcf-verkauf","status":"publish","type":"page","link":"https:\/\/frankfurt-rental.com\/index.php\/rcf-verkauf\/","title":{"rendered":"RCF"},"content":{"rendered":"\n<figure class=\"wp-block-image size-large\"><a href=\"https:\/\/www.rcf.it\/de_DE\/\"><img loading=\"lazy\" decoding=\"async\" width=\"100\" height=\"100\" src=\"https:\/\/frankfurt-rental.com\/homepage_wp\/wp-content\/uploads\/2020\/04\/RCF.png\" alt=\"\" class=\"wp-image-190\"\/><\/a><\/figure>\n\n\n\n<p>Als RCF Verkaufspartner bieten wir aktuell einige ausgew\u00e4hlte Produkte im Verkauf an, ersichtlich in unserem Verkaufsshop.<br><br>Ein individuelles Angebot erstellen wir Ihnen gerne jederzeit.<br><br><strong>RCF &#8211; Professioneller Sound f\u00fcr alle Anforderungen<\/strong><\/p>\n\n\n\n<p>RCF ist ein weltweit f\u00fchrender Hersteller von professionellen Audioger\u00e4ten, der seit \u00fcber 50 Jahren innovative und zuverl\u00e4ssige Produkte f\u00fcr Musiker, Tontechniker und Veranstaltungstechniker entwickelt.<\/p>\n\n\n\n<p><strong>RCF bietet ein breites Spektrum an Produkten, darunter:<\/strong><\/p>\n\n\n\n<ul class=\"wp-block-list\">\n<li><strong>Lautsprecher:<\/strong> RCF Lautsprecher sind bekannt f\u00fcr ihre hervorragende Klangqualit\u00e4t, ihre hohe Leistung und ihre Langlebigkeit. Sie werden in allen Bereichen der Beschallung eingesetzt, von kleinen Clubs bis hin zu gro\u00dfen Stadien.<\/li>\n\n\n\n<li><strong>Verst\u00e4rker:<\/strong> RCF Verst\u00e4rker zeichnen sich durch ihre hohe Leistung, ihre Effizienz und ihre Zuverl\u00e4ssigkeit aus. Sie bieten eine Vielzahl von Funktionen, die sie f\u00fcr alle Anforderungen geeignet machen.<\/li>\n\n\n\n<li><strong>Mixer:<\/strong> RCF Mixer bieten eine intuitive Bedienung, eine hohe Klangqualit\u00e4t und eine Vielzahl von Funktionen. Sie sind ideal f\u00fcr den Einsatz in Live-Sound-Anwendungen, Recording-Studios und Beschallungsanlagen.<\/li>\n\n\n\n<li><strong>Signalprozessoren:<\/strong> RCF Signalprozessoren bieten eine Vielzahl von Funktionen zur Bearbeitung von Audiosignalen. Sie erm\u00f6glichen es, den Klang zu optimieren und die Raumakustik zu korrigieren.<\/li>\n\n\n\n<li><strong>Zubeh\u00f6r:<\/strong> RCF bietet auch ein umfangreiches Sortiment an Zubeh\u00f6r, wie z. B. Mikrofone, Stative, Kabel und Lautsprecherboxen.<\/li>\n<\/ul>\n\n\n\n<p><strong>RCF Produkte sind bekannt f\u00fcr:<\/strong><\/p>\n\n\n\n<ul class=\"wp-block-list\">\n<li><strong>Hervorragende Klangqualit\u00e4t:<\/strong> RCF Produkte bieten eine unvergleichliche Klangqualit\u00e4t, die sowohl Musiker als auch Tontechniker begeistert.<\/li>\n\n\n\n<li><strong>Hohe Leistung:<\/strong> RCF Produkte sind leistungsstark und zuverl\u00e4ssig, auch bei hohen Anforderungen.<\/li>\n\n\n\n<li><strong>Langlebigkeit:<\/strong> RCF Produkte sind aus hochwertigen Materialien gefertigt und zeichnen sich durch ihre Langlebigkeit aus.<\/li>\n\n\n\n<li><strong>Innovatives Design:<\/strong> RCF Produkte sind innovativ und bieten modernste Funktionen.<\/li>\n\n\n\n<li><strong>Umfassendes Angebot:<\/strong> RCF bietet ein breites Spektrum an Produkten f\u00fcr alle Anforderungen.<\/li>\n<\/ul>\n\n\n\n<p><strong>RCF ist die perfekte Wahl f\u00fcr alle, die professionelle Audioger\u00e4te suchen, die h\u00f6chste Anspr\u00fcche erf\u00fcllen.<\/strong><\/p>\n","protected":false},"excerpt":{"rendered":"<p>Als RCF Verkaufspartner bieten wir aktuell einige ausgew\u00e4hlte Produkte im Verkauf an, ersichtlich in unserem Verkaufsshop. Ein individuelles Angebot erstellen wir Ihnen gerne jederzeit. RCF &#8211; Professioneller Sound f\u00fcr alle Anforderungen RCF ist ein weltweit f\u00fchrender Hersteller von professionellen Audioger\u00e4ten, der seit \u00fcber 50 Jahren innovative und zuverl\u00e4ssige Produkte f\u00fcr Musiker, Tontechniker und Veranstaltungstechniker entwickelt. &hellip; <\/p>\n<p class=\"link-more\"><a href=\"https:\/\/frankfurt-rental.com\/index.php\/rcf-verkauf\/\" class=\"more-link\"><span class=\"screen-reader-text\">\u201eRCF\u201c <\/span>weiterlesen<\/a><\/p>\n","protected":false},"author":1,"featured_media":0,"parent":0,"menu_order":0,"comment_status":"closed","ping_status":"closed","template":"","meta":{"ngg_post_thumbnail":0,"footnotes":""},"class_list":["post-189","page","type-page","status-publish","hentry"],"_links":{"self":[{"href":"https:\/\/frankfurt-rental.com\/index.php\/wp-json\/wp\/v2\/pages\/189","targetHints":{"allow":["GET"]}}],"collection":[{"href":"https:\/\/frankfurt-rental.com\/index.php\/wp-json\/wp\/v2\/pages"}],"about":[{"href":"https:\/\/frankfurt-rental.com\/index.php\/wp-json\/wp\/v2\/types\/page"}],"author":[{"embeddable":true,"href":"https:\/\/frankfurt-rental.com\/index.php\/wp-json\/wp\/v2\/users\/1"}],"replies":[{"embeddable":true,"href":"https:\/\/frankfurt-rental.com\/index.php\/wp-json\/wp\/v2\/comments?post=189"}],"version-history":[{"count":5,"href":"https:\/\/frankfurt-rental.com\/index.php\/wp-json\/wp\/v2\/pages\/189\/revisions"}],"predecessor-version":[{"id":1482,"href":"https:\/\/frankfurt-rental.com\/index.php\/wp-json\/wp\/v2\/pages\/189\/revisions\/1482"}],"wp:attachment":[{"href":"https:\/\/frankfurt-rental.com\/index.php\/wp-json\/wp\/v2\/media?parent=189"}],"curies":[{"name":"wp","href":"https:\/\/api.w.org\/{rel}","templated":true}]}}