{"id":2,"date":"2020-04-20T19:27:26","date_gmt":"2020-04-20T19:27:26","guid":{"rendered":"https:\/\/frankfurt-rental.com\/homepage_wp\/?page_id=2"},"modified":"2024-05-30T08:56:11","modified_gmt":"2024-05-30T08:56:11","slug":"startseite","status":"publish","type":"page","link":"https:\/\/frankfurt-rental.com\/","title":{"rendered":"Theimer und Mager Veranstaltungstechnik &#8211; Tontechnik und Lichttechnik Vermietung"},"content":{"rendered":"\n<h2 class=\"wp-block-heading\">Herzlich Willkommen bei Theimer und Mager Veranstaltungstechnik<\/h2>\n\n\n\n<p class=\"has-large-font-size\"><\/p>\n\n\n\n<p>Vermietung, Verleih von Tontechnik (Lautsprecher \/ Boxen \/ PA Technik), Lichttechnik (Akku Scheinwerfer &amp; Lichteffekte), AV-&amp; Medientechnik (Beamer \/ Projektoren), DJ Equipment (Mischpulte &amp; DJ Player), sowie Fotoboxen (z.B. f\u00fcr Hochzeiten) im Raum Frankfurt am Main<\/p>\n\n\n\n<figure class=\"wp-block-image size-full\"><img loading=\"lazy\" decoding=\"async\" width=\"800\" height=\"168\" src=\"https:\/\/frankfurt-rental.com\/homepage_wp\/wp-content\/uploads\/2020\/04\/panorma0001darmstadt_unter_strom-2.jpg\" alt=\"Event\" class=\"wp-image-250\" srcset=\"https:\/\/frankfurt-rental.com\/homepage_wp\/wp-content\/uploads\/2020\/04\/panorma0001darmstadt_unter_strom-2.jpg 800w, https:\/\/frankfurt-rental.com\/homepage_wp\/wp-content\/uploads\/2020\/04\/panorma0001darmstadt_unter_strom-2-300x63.jpg 300w, https:\/\/frankfurt-rental.com\/homepage_wp\/wp-content\/uploads\/2020\/04\/panorma0001darmstadt_unter_strom-2-768x161.jpg 768w\" sizes=\"auto, (max-width: 767px) 89vw, (max-width: 1000px) 54vw, (max-width: 1071px) 543px, 580px\" \/><\/figure>\n\n\n\n<p><br>Seit \u00fcber 20 Jahren Ihr Ansprechpartner in Frankfurt, im gesamten Rhein-Main-Gebiet und dar\u00fcber hinaus wenn es um das Thema Veranstaltungstechnik geht. Selbstverst\u00e4ndlich bieten wir Ihnen auch den Service rund um diesen Bereich, damit Ihre Veranstaltung erfolgreich sein wird. Schauen Sie in unseren Angebotskatalog f\u00fcr weitere Details,<br>oder benutzen Sie alternativ unseren:<\/p>\n\n\n\n<figure class=\"wp-block-image size-large is-style-default\"><a href=\"https:\/\/www.frankfurt-rental.com\/shop\/index.php\" target=\"_blank\" rel=\"https:\/\/www.frankfurt-rental.com\/shop\/index.php noopener noreferrer\"><img loading=\"lazy\" decoding=\"async\" width=\"800\" height=\"400\" src=\"https:\/\/frankfurt-rental.com\/homepage_wp\/wp-content\/uploads\/2020\/04\/Theimer_und_Mager_Veranstaltungstechnik-Mietshop-white-logo_HP-1.jpg\" alt=\"\" class=\"wp-image-107\" srcset=\"https:\/\/frankfurt-rental.com\/homepage_wp\/wp-content\/uploads\/2020\/04\/Theimer_und_Mager_Veranstaltungstechnik-Mietshop-white-logo_HP-1.jpg 800w, https:\/\/frankfurt-rental.com\/homepage_wp\/wp-content\/uploads\/2020\/04\/Theimer_und_Mager_Veranstaltungstechnik-Mietshop-white-logo_HP-1-300x150.jpg 300w, https:\/\/frankfurt-rental.com\/homepage_wp\/wp-content\/uploads\/2020\/04\/Theimer_und_Mager_Veranstaltungstechnik-Mietshop-white-logo_HP-1-768x384.jpg 768w\" sizes=\"auto, (max-width: 767px) 89vw, (max-width: 1000px) 54vw, (max-width: 1071px) 543px, 580px\" \/><\/a><\/figure>\n\n\n\n<p>Auf unserer Homepage finden Sie alles rund um die Vermietung von Ton und Licht Equipment, AV- &amp; Medien Equipment, B\u00fchnen Equipment, welches Sie bei uns kosteng\u00fcnstig mieten k\u00f6nnen.<br>Sei es das ambientvolle Licht f\u00fcr das Galadinner, die laute Musikanlage, Karokeanlage oder Fotobox f\u00fcr einen Geburtstag, das Komplettset f\u00fcr eine Hochzeit oder den Polterabend, die Traversen Systeme f\u00fcr Ihren Messestand, oder die professionelle Sprachbeschallungstonanlage f\u00fcr eine Pr\u00e4sentation in einem Konferenzraum, professionelle Beamer \/ Projektoren f\u00fcr Fu\u00dfball WM und EM f\u00fcr das Public Viewing, bei uns k\u00f6nnen Sie all dies mieten.<br>Wir stellen Ihnen nicht nur Preislisten f\u00fcr die Miete des Equipments zur Verf\u00fcgung, sondern vieles mehr.<\/p>\n\n\n\n<div class=\"wp-block-cover\"><span aria-hidden=\"true\" class=\"wp-block-cover__background has-background-dim\"><\/span><img loading=\"lazy\" decoding=\"async\" width=\"1024\" height=\"576\" class=\"wp-block-cover__image-background wp-image-1404\" alt=\"Paulskirche\" src=\"https:\/\/frankfurt-rental.com\/homepage_wp\/wp-content\/uploads\/2023\/10\/IMG_8311-1024x576.jpg\" data-object-fit=\"cover\" srcset=\"https:\/\/frankfurt-rental.com\/homepage_wp\/wp-content\/uploads\/2023\/10\/IMG_8311-1024x576.jpg 1024w, https:\/\/frankfurt-rental.com\/homepage_wp\/wp-content\/uploads\/2023\/10\/IMG_8311-300x169.jpg 300w, https:\/\/frankfurt-rental.com\/homepage_wp\/wp-content\/uploads\/2023\/10\/IMG_8311-768x432.jpg 768w, https:\/\/frankfurt-rental.com\/homepage_wp\/wp-content\/uploads\/2023\/10\/IMG_8311-1536x864.jpg 1536w, https:\/\/frankfurt-rental.com\/homepage_wp\/wp-content\/uploads\/2023\/10\/IMG_8311-2048x1152.jpg 2048w\" sizes=\"auto, (max-width: 767px) 89vw, (max-width: 1000px) 54vw, (max-width: 1071px) 543px, 580px\" \/><div class=\"wp-block-cover__inner-container is-layout-flow wp-block-cover-is-layout-flow\">\n<p class=\"has-text-align-center has-large-font-size\"><strong>Sie sind auf der Suche nach technischer Unterst\u00fctzung zu Ihrer Veranstaltung?<\/strong><\/p>\n<\/div><\/div>\n\n\n\n<p><strong><br>Wie d\u00fcrfen wir Ihnen behilflich sein?<\/strong><\/p>\n\n\n\n<p>Gerne beraten wir Sie ab der Planungsphase Ihrer Veranstaltung, erstellen Ihnen kostenfreie und unverbindliche Angebote und bieten Ihnen auf Anfrage auch gerne den kompletten Service inklusive Anlieferung, Aufbau, Abbau und Abholung des Mietmaterials an.<\/p>\n\n\n\n<p>Durch unsere weitreichende Erfahrung an verschiedenen Einsatzorten, nicht nur in Frankfurt am Main oder im Rhein-Main Gebiet, sondern auch Deutschlandweit, profitieren Sie zu jeder Zeit mit kompetentem Service und einer professionellen Beratung.<\/p>\n\n\n\n<p>Nat\u00fcrlich sind wir auch im Notfall immer f\u00fcr unsere Kunden erreichbar, sei es bei Fragen zum Aufbau der Technik oder der richtigen Verkabelung, unsere Notfallrufnummer erhalten Sie bei Abholung \/ \u00dcbergabe der Technik direkt auf unserem Lieferschein und diese ist f\u00fcr unsere Kunden zu 24 Stunden und 7 Tage die Woche besetzt.<\/p>\n\n\n\n<p>Ebenso haben Sie jederzeit die M\u00f6glichkeit, bereits im Vorfeld bei uns sich passende Betriebsanleitungen und Aufbauanleitungen auf unserer Homepage herunter zu laden. Auch diese stehen Ihnen kostenfrei und jederzeit zur Verf\u00fcgung und sogar immer Griffbereit in der Hosentasche.<\/p>\n\n\n\n<figure class=\"wp-block-image size-full\"><img loading=\"lazy\" decoding=\"async\" width=\"800\" height=\"177\" src=\"https:\/\/frankfurt-rental.com\/homepage_wp\/wp-content\/uploads\/2020\/04\/panorma0008livinglegends_konstablerwache-2.jpg\" alt=\"Stage\" class=\"wp-image-247\" srcset=\"https:\/\/frankfurt-rental.com\/homepage_wp\/wp-content\/uploads\/2020\/04\/panorma0008livinglegends_konstablerwache-2.jpg 800w, https:\/\/frankfurt-rental.com\/homepage_wp\/wp-content\/uploads\/2020\/04\/panorma0008livinglegends_konstablerwache-2-300x66.jpg 300w, https:\/\/frankfurt-rental.com\/homepage_wp\/wp-content\/uploads\/2020\/04\/panorma0008livinglegends_konstablerwache-2-768x170.jpg 768w\" sizes=\"auto, (max-width: 767px) 89vw, (max-width: 1000px) 54vw, (max-width: 1071px) 543px, 580px\" \/><\/figure>\n\n\n\n<p>Um Ihnen auch die passende Technik f\u00fcr Ihre Veranstaltung anbieten zu k\u00f6nnen, ben\u00f6tigen wir nur noch einige Details. Wir haben in den vergangenen Jahren auch unsere E-Mail Anfragemaske stetig verbessert, um den W\u00fcnschen und Anfragen unserer Kunden immer besser gerecht werden zu k\u00f6nnen.<\/p>\n\n\n\n<p>Weiterhin haben wir nur f\u00fcr Sie auch unseren Berater entworfen, der Ihnen helfen kann, eine Vorabauswahl zu treffen.<br>Hier gilt nat\u00fcrlich, um so mehr Informationen wir vorab von Ihnen erhalten, um so detaillierter ist es uns m\u00f6glich, ein individuelles Angebot f\u00fcr Sie und Ihre Veranstaltung zu erstellen. Einige der Angaben der Anfragemaske sind nat\u00fcrlich eine Grundvoraussetzung, um ein Angebot erstellen zu k\u00f6nnen, andere Informationen k\u00f6nnen ausgef\u00fcllt werden, wenn dies von Ihrer Seite aus gew\u00fcnscht ist.<\/p>\n\n\n\n<p>Bei R\u00fcckfragen k\u00f6nnen Sie uns gerne jederzeit kontaktieren, sei dies telefonisch, oder via E-Mail, wir beantworten gerne Ihre Fragen. <\/p>\n\n\n\n<p>Viel Vergn\u00fcgen weiterhin auf unserer Internetpr\u00e4senz w\u00fcnscht Ihnen<br><br>Ihr Team der Theimer und Mager Veranstaltungstechnik <\/p>\n\n\n\n<p><\/p>\n","protected":false},"excerpt":{"rendered":"<p>Herzlich Willkommen bei Theimer und Mager Veranstaltungstechnik Vermietung, Verleih von Tontechnik (Lautsprecher \/ Boxen \/ PA Technik), Lichttechnik (Akku Scheinwerfer &amp; Lichteffekte), AV-&amp; Medientechnik (Beamer \/ Projektoren), DJ Equipment (Mischpulte &amp; DJ Player), sowie Fotoboxen (z.B. f\u00fcr Hochzeiten) im Raum Frankfurt am Main Seit \u00fcber 20 Jahren Ihr Ansprechpartner in Frankfurt, im gesamten Rhein-Main-Gebiet und &hellip; <\/p>\n<p class=\"link-more\"><a href=\"https:\/\/frankfurt-rental.com\/\" class=\"more-link\"><span class=\"screen-reader-text\">\u201eTheimer und Mager Veranstaltungstechnik &#8211; Tontechnik und Lichttechnik Vermietung\u201c <\/span>weiterlesen<\/a><\/p>\n","protected":false},"author":1,"featured_media":0,"parent":0,"menu_order":0,"comment_status":"closed","ping_status":"closed","template":"","meta":{"ngg_post_thumbnail":0,"footnotes":""},"class_list":["post-2","page","type-page","status-publish","hentry"],"_links":{"self":[{"href":"https:\/\/frankfurt-rental.com\/index.php\/wp-json\/wp\/v2\/pages\/2","targetHints":{"allow":["GET"]}}],"collection":[{"href":"https:\/\/frankfurt-rental.com\/index.php\/wp-json\/wp\/v2\/pages"}],"about":[{"href":"https:\/\/frankfurt-rental.com\/index.php\/wp-json\/wp\/v2\/types\/page"}],"author":[{"embeddable":true,"href":"https:\/\/frankfurt-rental.com\/index.php\/wp-json\/wp\/v2\/users\/1"}],"replies":[{"embeddable":true,"href":"https:\/\/frankfurt-rental.com\/index.php\/wp-json\/wp\/v2\/comments?post=2"}],"version-history":[{"count":28,"href":"https:\/\/frankfurt-rental.com\/index.php\/wp-json\/wp\/v2\/pages\/2\/revisions"}],"predecessor-version":[{"id":1586,"href":"https:\/\/frankfurt-rental.com\/index.php\/wp-json\/wp\/v2\/pages\/2\/revisions\/1586"}],"wp:attachment":[{"href":"https:\/\/frankfurt-rental.com\/index.php\/wp-json\/wp\/v2\/media?parent=2"}],"curies":[{"name":"wp","href":"https:\/\/api.w.org\/{rel}","templated":true}]}}