{"id":345,"date":"2020-04-22T09:22:30","date_gmt":"2020-04-22T09:22:30","guid":{"rendered":"https:\/\/frankfurt-rental.com\/homepage_wp\/?page_id=345"},"modified":"2024-01-30T14:18:52","modified_gmt":"2024-01-30T14:18:52","slug":"hochzeiten-catering","status":"publish","type":"page","link":"https:\/\/frankfurt-rental.com\/index.php\/hochzeiten-catering\/","title":{"rendered":"Hochzeiten &#038; Catering"},"content":{"rendered":"\n<h2 class=\"wp-block-heading\">Hochzeiten<\/h2>\n\n\n\n<p><br>&#8222;&#8230;dieser Tag soll etwas ganz besonderes werden, f\u00fcr uns als Brautpaar und f\u00fcr unsere G\u00e4ste&#8230;&#8220;<\/p>\n\n\n\n<figure class=\"wp-block-image\"><img loading=\"lazy\" decoding=\"async\" width=\"650\" height=\"300\" src=\"https:\/\/frankfurt-rental.com\/homepage_wp\/wp-content\/uploads\/2020\/04\/Lucas2KBild1.jpg\" alt=\"\" class=\"wp-image-348\" srcset=\"https:\/\/frankfurt-rental.com\/homepage_wp\/wp-content\/uploads\/2020\/04\/Lucas2KBild1.jpg 650w, https:\/\/frankfurt-rental.com\/homepage_wp\/wp-content\/uploads\/2020\/04\/Lucas2KBild1-300x138.jpg 300w\" sizes=\"auto, (max-width: 650px) 100vw, 650px\" \/><\/figure>\n\n\n\n<p><\/p>\n\n\n\n<p>Zu einer Hochzeit ben\u00f6tigt man meist nicht nur Blumen, Dekoration und Hochzeitskleid \/ Anzug, sondern in den meisten F\u00e4llen auch eine Band oder einen DJ, welcher Ihre G\u00e4ste mit stilvollem, klanglichen und visuellen Ambiente verw\u00f6hnt. Die hierzu ben\u00f6tigten Lautsprecher und Lichteffekte f\u00fcr die Tanzfl\u00e4che bieten wir Ihnen in unserem Verleih \/ in unserer Vermietung an, damit Ihr DJ oder Ihre Band bestens f\u00fcr diesen Tag \/ Abend ausger\u00fcstet ist.<\/p>\n\n\n\n<figure class=\"wp-block-image\"><img loading=\"lazy\" decoding=\"async\" width=\"650\" height=\"300\" src=\"https:\/\/frankfurt-rental.com\/homepage_wp\/wp-content\/uploads\/2020\/04\/Lucas2KBild2.jpg\" alt=\"\" class=\"wp-image-349\" srcset=\"https:\/\/frankfurt-rental.com\/homepage_wp\/wp-content\/uploads\/2020\/04\/Lucas2KBild2.jpg 650w, https:\/\/frankfurt-rental.com\/homepage_wp\/wp-content\/uploads\/2020\/04\/Lucas2KBild2-300x138.jpg 300w\" sizes=\"auto, (max-width: 650px) 100vw, 650px\" \/><\/figure>\n\n\n\n<p><\/p>\n\n\n\n<p>Auch Dekoratives Licht ist in vielen verschiedenen Farben erh\u00e4ltlich, um das Ambiente des Raumes herzlich und warm aus zu leuchten, dies k\u00f6nnen Sie ebenso gerne bei uns mieten. Dank Akkutechnologie ist dieses schnell platziert und ebenso schnell einsatzbar.<\/p>\n\n\n\n<figure class=\"wp-block-image\"><img loading=\"lazy\" decoding=\"async\" width=\"650\" height=\"300\" src=\"https:\/\/frankfurt-rental.com\/homepage_wp\/wp-content\/uploads\/2020\/04\/Lucas2KBild3.jpg\" alt=\"\" class=\"wp-image-350\" srcset=\"https:\/\/frankfurt-rental.com\/homepage_wp\/wp-content\/uploads\/2020\/04\/Lucas2KBild3.jpg 650w, https:\/\/frankfurt-rental.com\/homepage_wp\/wp-content\/uploads\/2020\/04\/Lucas2KBild3-300x138.jpg 300w\" sizes=\"auto, (max-width: 650px) 100vw, 650px\" \/><\/figure>\n\n\n\n<p><br>Auf Wunsch, liefern wir die Technik auch gerne an, bauen diese auf, bauen ebenso die Technik wieder ab und k\u00fcmmern uns um den Abtransport, damit Sie Ihren gemeinsamen Tag so entspannt wie m\u00f6glich genie\u00dfen k\u00f6nnen. <br>Gewinnen Sie einen Einblick in unseren Vermietpool, speziell f\u00fcr Ihre Traumhochzeit in und um Frankfurt am Main. Wir beraten Sie gerne zu Ihrem speziellen Event, Ihre Hochzeit, Ihr einzigartiger und unvergesslicher Tag. <\/p>\n\n\n\n<a href=\"https:\/\/www.frankfurt-rental.com\/download2.php?file=1\" type=\"application\/pdf\">DOWNLOAD Hochzeitsflyer<\/a>\n\n\n\n<p><\/p>\n\n\n\n<p><strong>Blumenschmuck<\/strong> <strong>von Profis f\u00fcr Ihre Feier<\/strong><\/p>\n\n\n\n<figure class=\"wp-block-image size-large\" id=\"https:\/\/blumentraum-schindler.de\/\"><a href=\"https:\/\/blumentraum-schindler.de\/\" target=\"_blank\" rel=\"noopener\"><img loading=\"lazy\" decoding=\"async\" width=\"1024\" height=\"558\" src=\"https:\/\/frankfurt-rental.com\/homepage_wp\/wp-content\/uploads\/2024\/01\/Blumentraum_Schindler_Logo-1024x558.png\" alt=\"Blumentraum Schindler\" class=\"wp-image-1462\" srcset=\"https:\/\/frankfurt-rental.com\/homepage_wp\/wp-content\/uploads\/2024\/01\/Blumentraum_Schindler_Logo-1024x558.png 1024w, https:\/\/frankfurt-rental.com\/homepage_wp\/wp-content\/uploads\/2024\/01\/Blumentraum_Schindler_Logo-300x164.png 300w, https:\/\/frankfurt-rental.com\/homepage_wp\/wp-content\/uploads\/2024\/01\/Blumentraum_Schindler_Logo-768x419.png 768w, https:\/\/frankfurt-rental.com\/homepage_wp\/wp-content\/uploads\/2024\/01\/Blumentraum_Schindler_Logo-1536x837.png 1536w, https:\/\/frankfurt-rental.com\/homepage_wp\/wp-content\/uploads\/2024\/01\/Blumentraum_Schindler_Logo-2048x1117.png 2048w\" sizes=\"auto, (max-width: 767px) 89vw, (max-width: 1000px) 54vw, (max-width: 1071px) 543px, 580px\" \/><\/a><\/figure>\n\n\n\n<p><\/p>\n\n\n\n<p><\/p>\n\n\n\n<p>DJs &amp; Bands empfehlen wir im \u00dcbrigen auch gerne weiter.<\/p>\n\n\n\n<p><\/p>\n\n\n\n<h2 class=\"wp-block-heading\">Live Cooking &amp; Catering Partner&#8230;<\/h2>\n\n\n\n<p><strong>Dekhalu<\/strong><\/p>\n\n\n\n<figure class=\"wp-block-gallery has-nested-images columns-default is-cropped wp-block-gallery-1 is-layout-flex wp-block-gallery-is-layout-flex\">\n<figure class=\"wp-block-image size-large\"><img loading=\"lazy\" decoding=\"async\" width=\"200\" height=\"100\" data-id=\"363\" src=\"https:\/\/frankfurt-rental.com\/homepage_wp\/wp-content\/uploads\/2020\/04\/Dekhalu4.jpg\" alt=\"Dekhalu\" class=\"wp-image-363\"\/><figcaption class=\"wp-element-caption\">Dekhalu<\/figcaption><\/figure>\n\n\n\n<figure class=\"wp-block-image size-large\"><img loading=\"lazy\" decoding=\"async\" width=\"200\" height=\"100\" data-id=\"361\" src=\"https:\/\/frankfurt-rental.com\/homepage_wp\/wp-content\/uploads\/2020\/04\/Dekhalu2.jpg\" alt=\"Dekhalu\" class=\"wp-image-361\"\/><figcaption class=\"wp-element-caption\">Dekhalu<\/figcaption><\/figure>\n\n\n\n<figure class=\"wp-block-image size-large\"><img loading=\"lazy\" decoding=\"async\" width=\"200\" height=\"100\" data-id=\"362\" src=\"https:\/\/frankfurt-rental.com\/homepage_wp\/wp-content\/uploads\/2020\/04\/Dekhalu3.jpg\" alt=\"Dekhalu\" class=\"wp-image-362\"\/><figcaption class=\"wp-element-caption\">Dekhalu<\/figcaption><\/figure>\n\n\n\n<figure class=\"wp-block-image size-large\"><img loading=\"lazy\" decoding=\"async\" width=\"200\" height=\"100\" data-id=\"360\" src=\"https:\/\/frankfurt-rental.com\/homepage_wp\/wp-content\/uploads\/2020\/04\/Dekhalu1.jpg\" alt=\"Dekhalu\" class=\"wp-image-360\"\/><figcaption class=\"wp-element-caption\">Dekhalu<\/figcaption><\/figure>\n<\/figure>\n\n\n\n<p>Wir m\u00f6chten Sie begeistern\u2026<\/p>\n\n\n\n<p>Gem\u00e4\u00df unserem Leitmotiv &nbsp;\u2013 immer gutes essen \u2013 &nbsp;ist es unser Anspruch, Sie und Ihre G\u00e4ste kulinarisch zu verw\u00f6hnen. Dabei sind klassische Buffets und Banketts ebenso m\u00f6glich wie feines Fingerfood oder ausgefallene Live-Cooking Konzepte. Beispielsweise kreative Streetfood Kreationen aus unserem Design-Food Truck oder unserem&nbsp;BBQ-PopUp. Des Weiteren auch vegetarische und vegane Gerichte. Dabei legen wir besonderen Wert auf die Qualit\u00e4t unserer Zutaten und eine m\u00f6glichst regionale Herkunft. Deshalb&nbsp;verzichten wir bewusst auf Geschmacksverst\u00e4rker. Von der Privatfeier bis zum Gro\u00df-Event mit vielen hundert G\u00e4sten planen, koordinieren und realisieren wir Ihr individuelles Cateringerlebnis.<\/p>\n","protected":false},"excerpt":{"rendered":"<p>Hochzeiten &#8222;&#8230;dieser Tag soll etwas ganz besonderes werden, f\u00fcr uns als Brautpaar und f\u00fcr unsere G\u00e4ste&#8230;&#8220; Zu einer Hochzeit ben\u00f6tigt man meist nicht nur Blumen, Dekoration und Hochzeitskleid \/ Anzug, sondern in den meisten F\u00e4llen auch eine Band oder einen DJ, welcher Ihre G\u00e4ste mit stilvollem, klanglichen und visuellen Ambiente verw\u00f6hnt. Die hierzu ben\u00f6tigten Lautsprecher &hellip; <\/p>\n<p class=\"link-more\"><a href=\"https:\/\/frankfurt-rental.com\/index.php\/hochzeiten-catering\/\" class=\"more-link\"><span class=\"screen-reader-text\">\u201eHochzeiten &#038; Catering\u201c <\/span>weiterlesen<\/a><\/p>\n","protected":false},"author":1,"featured_media":0,"parent":0,"menu_order":0,"comment_status":"closed","ping_status":"closed","template":"","meta":{"ngg_post_thumbnail":0,"footnotes":""},"class_list":["post-345","page","type-page","status-publish","hentry"],"_links":{"self":[{"href":"https:\/\/frankfurt-rental.com\/index.php\/wp-json\/wp\/v2\/pages\/345","targetHints":{"allow":["GET"]}}],"collection":[{"href":"https:\/\/frankfurt-rental.com\/index.php\/wp-json\/wp\/v2\/pages"}],"about":[{"href":"https:\/\/frankfurt-rental.com\/index.php\/wp-json\/wp\/v2\/types\/page"}],"author":[{"embeddable":true,"href":"https:\/\/frankfurt-rental.com\/index.php\/wp-json\/wp\/v2\/users\/1"}],"replies":[{"embeddable":true,"href":"https:\/\/frankfurt-rental.com\/index.php\/wp-json\/wp\/v2\/comments?post=345"}],"version-history":[{"count":21,"href":"https:\/\/frankfurt-rental.com\/index.php\/wp-json\/wp\/v2\/pages\/345\/revisions"}],"predecessor-version":[{"id":1473,"href":"https:\/\/frankfurt-rental.com\/index.php\/wp-json\/wp\/v2\/pages\/345\/revisions\/1473"}],"wp:attachment":[{"href":"https:\/\/frankfurt-rental.com\/index.php\/wp-json\/wp\/v2\/media?parent=345"}],"curies":[{"name":"wp","href":"https:\/\/api.w.org\/{rel}","templated":true}]}}