{"id":379,"date":"2020-04-22T10:00:19","date_gmt":"2020-04-22T10:00:19","guid":{"rendered":"https:\/\/frankfurt-rental.com\/homepage_wp\/?page_id=379"},"modified":"2020-05-01T17:35:12","modified_gmt":"2020-05-01T17:35:12","slug":"konferenz","status":"publish","type":"page","link":"https:\/\/frankfurt-rental.com\/index.php\/konferenz\/","title":{"rendered":"Konferenz"},"content":{"rendered":"\n<h2 class=\"wp-block-heading\">Konferenz<\/h2>\n\n\n\n<p>&#8222;&#8230;Konferenztechnik in Ihrer feinsten Form&#8230;&#8220;<\/p>\n\n\n\n<p>Bekommen Sie einen Einblick in unseren Vermietpool. Speziell wurden diese Mietartikel f\u00fcr Ihre Konferenz \/ Tagung in und um Frankfurt am Main ausgew\u00e4hlt. <\/p>\n\n\n\n<p>Gerne beraten wir Sie, um Ihre Veranstaltung perfekt auszustatten.<\/p>\n\n\n\n<p><a rel=\"noreferrer noopener\" href=\"https:\/\/www.frankfurt-rental.com\/download1.php?file=1\" target=\"_blank\">DOWNLOAD Konferenz Technik Flyer<\/a><br><br>Haben Sie schon den Ort f\u00fcr Ihre Konferenz gefunden?<br>Hier sind ein paar Vorschl\u00e4ge f\u00fcr Sie zusammengestellt:<\/p>\n\n\n\n<p><br>NH Hotels: NH Frankfurt City, NH Frankfurt Niederrad, NH Frankfurt Airport, NH Frankfurt M\u00f6rfelden, NH Rhein Main, NH Frankfurt Messe, NH Rhein Main<br>Innside Hotels: Innside Frankfurt Niederrad<br>Steigenberger Hotels: Steigenberger Airport Hotel, Steigenberger Frankfurt-Langen, Steigenberger Frankfurter Hof<br>Sheraton Hotels: Sheraton Frankfurt Airport Hotel &amp; Conference Center, Sheraton Frankfurt Congress Hotel, The Westin Grand Frankfurt<br>Maritim Hotels: Maritim Hotel Frankfurt<br>Jumeirah Hotels: Jumeirah Frankfurt<br>Flemmings Hotels: Flemmings Deluxe Hotel Frankfurt Main-Riverside, Flemmings Conference Hotel Frankfurt<br>Marriott Hotels: Frankfurt Marriott Hotel<br>Holiday Inn Hotels: Holiday Inn Express Frankfurt City Hauptbahnhof, Holiday Inn Frankfurt City South Conference Centre<br>Hilton Hotels: Hilton Frankfurt, Hilton Garden Inn<br>Innside Hotels: Innside Frankfurt Eurotheum<br>Novotel Hotels: Novotel Frankfurt City<br>Dorint Hotels: Dorint Hotel Frankfurt Niederrad<br>Radisson Hotels: Park Inn Frankfurt Airport, Radisson Blue<br>Ibis Hotels: Ibis Frankfurt Centrum, Ibis Frankfurt Messe West, Ibis Frankfurt City Messe, Ibis Styles Frankfurt City<\/p>\n","protected":false},"excerpt":{"rendered":"<p>Konferenz &#8222;&#8230;Konferenztechnik in Ihrer feinsten Form&#8230;&#8220; Bekommen Sie einen Einblick in unseren Vermietpool. Speziell wurden diese Mietartikel f\u00fcr Ihre Konferenz \/ Tagung in und um Frankfurt am Main ausgew\u00e4hlt. Gerne beraten wir Sie, um Ihre Veranstaltung perfekt auszustatten. DOWNLOAD Konferenz Technik Flyer Haben Sie schon den Ort f\u00fcr Ihre Konferenz gefunden?Hier sind ein paar Vorschl\u00e4ge &hellip; <\/p>\n<p class=\"link-more\"><a href=\"https:\/\/frankfurt-rental.com\/index.php\/konferenz\/\" class=\"more-link\"><span class=\"screen-reader-text\">\u201eKonferenz\u201c <\/span>weiterlesen<\/a><\/p>\n","protected":false},"author":1,"featured_media":0,"parent":0,"menu_order":0,"comment_status":"closed","ping_status":"closed","template":"","meta":{"ngg_post_thumbnail":0,"footnotes":""},"class_list":["post-379","page","type-page","status-publish","hentry"],"_links":{"self":[{"href":"https:\/\/frankfurt-rental.com\/index.php\/wp-json\/wp\/v2\/pages\/379","targetHints":{"allow":["GET"]}}],"collection":[{"href":"https:\/\/frankfurt-rental.com\/index.php\/wp-json\/wp\/v2\/pages"}],"about":[{"href":"https:\/\/frankfurt-rental.com\/index.php\/wp-json\/wp\/v2\/types\/page"}],"author":[{"embeddable":true,"href":"https:\/\/frankfurt-rental.com\/index.php\/wp-json\/wp\/v2\/users\/1"}],"replies":[{"embeddable":true,"href":"https:\/\/frankfurt-rental.com\/index.php\/wp-json\/wp\/v2\/comments?post=379"}],"version-history":[{"count":2,"href":"https:\/\/frankfurt-rental.com\/index.php\/wp-json\/wp\/v2\/pages\/379\/revisions"}],"predecessor-version":[{"id":692,"href":"https:\/\/frankfurt-rental.com\/index.php\/wp-json\/wp\/v2\/pages\/379\/revisions\/692"}],"wp:attachment":[{"href":"https:\/\/frankfurt-rental.com\/index.php\/wp-json\/wp\/v2\/media?parent=379"}],"curies":[{"name":"wp","href":"https:\/\/api.w.org\/{rel}","templated":true}]}}