{"id":574,"date":"2020-04-23T14:51:21","date_gmt":"2020-04-23T14:51:21","guid":{"rendered":"https:\/\/frankfurt-rental.com\/homepage_wp\/?page_id=574"},"modified":"2021-04-18T13:52:46","modified_gmt":"2021-04-18T13:52:46","slug":"avenue","status":"publish","type":"page","link":"https:\/\/frankfurt-rental.com\/index.php\/en\/avenue\/","title":{"rendered":"Avenue"},"content":{"rendered":"\n<p>You could reach us:<\/p>\n\n\n\n<p><br>from Aschaffenburg, Langen, Bad Vilbel, Rodgau, Hanau, Maintal, M\u00fchlheim, Dietzenbach, Dreieich, Heusenstamm, Obertshausen, Hainburg, M\u00f6rfelden-Walldorf, R\u00f6dermark and Offenbach the highway number A3<br>from Mainz, Wallau, Fl\u00f6rsheim, Wiesbaden over the highway number A3 or A66<br>from Kelsterbach, Kriftel, Hattersheim over the state route B40a<br>from Niederdorfelden, Bruchk\u00f6bel, Karben, Sch\u00f6neck over the highway number (A66), A661 and A3<br>from Eschborn, Sulzbach, Bad Soden, Schwalbach, Liederbach, Hofheim, Kelkheim, K\u00f6nigstein, Kronberg over the highway number A66<br>from Darmstadt, Erzhausen, W\u00f6llstadt, Friedberg, Heidelberg, Steinbach, Neu-Isenburg, Egelsbach, Friedrichsdorf, Bad Homburg, Oberursel und Mannheim over the highway number A5.<\/p>\n\n\n\n<p><strong>On the following map is shown, how to reach us:<\/strong><br><br>Our adress for Navigationsystems (for best results please navigate with google maps!):<\/p>\n\n\n\n<p>Libellenweg 81, 60529 Frankfurt am Main<\/p>\n\n\n\n<iframe loading=\"lazy\" src=\"https:\/\/www.google.com\/maps\/embed?pb=!1m23!1m12!1m3!1d40964.88510103797!2d8.587415935248712!3d50.080570247056!2m3!1f0!2f0!3f0!3m2!1i1024!2i768!4f13.1!4m8!3e6!4m0!4m5!1s0x47bd0bb33d992653%3A0x1c189ec85f1afe26!2sTheimer+und+Mager+Veranstaltungstechnik%2C+Thomas+Theimer+und+Patrick+Mager+GbR%2C+Libellenweg+81%2C+60529+Frankfurt+am+Main!3m2!1d50.090986199999996!2d8.5717236!5e0!3m2!1sde!2sde!4v1513064742112\" style=\"border:0\" allowfullscreen=\"\" width=\"600\" height=\"450\" frameborder=\"0\"><\/iframe>\n","protected":false},"excerpt":{"rendered":"<p>You could reach us: from Aschaffenburg, Langen, Bad Vilbel, Rodgau, Hanau, Maintal, M\u00fchlheim, Dietzenbach, Dreieich, Heusenstamm, Obertshausen, Hainburg, M\u00f6rfelden-Walldorf, R\u00f6dermark and Offenbach the highway number A3from Mainz, Wallau, Fl\u00f6rsheim, Wiesbaden over the highway number A3 or A66from Kelsterbach, Kriftel, Hattersheim over the state route B40afrom Niederdorfelden, Bruchk\u00f6bel, Karben, Sch\u00f6neck over the highway number (A66), A661 &hellip; <\/p>\n<p class=\"link-more\"><a href=\"https:\/\/frankfurt-rental.com\/index.php\/en\/avenue\/\" class=\"more-link\"><span class=\"screen-reader-text\">\u201eAvenue\u201c <\/span>weiterlesen<\/a><\/p>\n","protected":false},"author":1,"featured_media":0,"parent":0,"menu_order":0,"comment_status":"closed","ping_status":"closed","template":"","meta":{"ngg_post_thumbnail":0,"footnotes":""},"class_list":["post-574","page","type-page","status-publish","hentry"],"_links":{"self":[{"href":"https:\/\/frankfurt-rental.com\/index.php\/wp-json\/wp\/v2\/pages\/574","targetHints":{"allow":["GET"]}}],"collection":[{"href":"https:\/\/frankfurt-rental.com\/index.php\/wp-json\/wp\/v2\/pages"}],"about":[{"href":"https:\/\/frankfurt-rental.com\/index.php\/wp-json\/wp\/v2\/types\/page"}],"author":[{"embeddable":true,"href":"https:\/\/frankfurt-rental.com\/index.php\/wp-json\/wp\/v2\/users\/1"}],"replies":[{"embeddable":true,"href":"https:\/\/frankfurt-rental.com\/index.php\/wp-json\/wp\/v2\/comments?post=574"}],"version-history":[{"count":3,"href":"https:\/\/frankfurt-rental.com\/index.php\/wp-json\/wp\/v2\/pages\/574\/revisions"}],"predecessor-version":[{"id":1195,"href":"https:\/\/frankfurt-rental.com\/index.php\/wp-json\/wp\/v2\/pages\/574\/revisions\/1195"}],"wp:attachment":[{"href":"https:\/\/frankfurt-rental.com\/index.php\/wp-json\/wp\/v2\/media?parent=574"}],"curies":[{"name":"wp","href":"https:\/\/api.w.org\/{rel}","templated":true}]}}